
{"id":98,"date":"2016-07-20T14:57:54","date_gmt":"2016-07-20T14:57:54","guid":{"rendered":"http:\/\/catarinoseguros.pt\/PT\/?page_id=98"},"modified":"2020-05-11T11:47:16","modified_gmt":"2020-05-11T11:47:16","slug":"a-nossa-equipa","status":"publish","type":"page","link":"https:\/\/catarinoseguros.pt\/index.php\/a-nossa-equipa\/","title":{"rendered":"Sobre N\u00f3s"},"content":{"rendered":"<p>[et_pb_section fb_built=&#8221;1&#8243; _builder_version=&#8221;4.4.6&#8243; background_color=&#8221;#2c8f82&#8243; background_color_gradient_direction=&#8221;73deg&#8221; custom_margin=&#8221;-15px||||false|false&#8221; custom_padding=&#8221;20px||40px||false|false&#8221; border_color_top=&#8221;#7cda24&#8243;][et_pb_row use_custom_gutter=&#8221;on&#8221; gutter_width=&#8221;1&#8243; make_equal=&#8221;on&#8221; _builder_version=&#8221;4.4.6&#8243; background_enable_image=&#8221;off&#8221; width=&#8221;100%&#8221; custom_margin=&#8221;0px||0px||false|false&#8221; custom_padding=&#8221;10px|50px|10px|50px|false|false&#8221; animation_style=&#8221;fold&#8221; border_color_top=&#8221;rgba(0,0,0,0.24)&#8221;][et_pb_column type=&#8221;4_4&#8243; _builder_version=&#8221;4.4.6&#8243; background_enable_image=&#8221;off&#8221;][et_pb_text _builder_version=&#8221;4.4.6&#8243; text_font=&#8221;|300|||||||&#8221; text_text_color=&#8221;#ffffff&#8221; text_font_size=&#8221;36px&#8221; hover_enabled=&#8221;0&#8243;]<\/p>\n<p>EMPRESA<\/p>\n<p>[\/et_pb_text][\/et_pb_column][\/et_pb_row][\/et_pb_section][et_pb_section fb_built=&#8221;1&#8243; _builder_version=&#8221;4.4.6&#8243; background_color=&#8221;#2c8f82&#8243; background_color_gradient_direction=&#8221;73deg&#8221; background_image=&#8221;https:\/\/catarinoseguros.pt\/wp-content\/uploads\/2020\/05\/farol_g_1400.jpg&#8221; parallax=&#8221;on&#8221; parallax_method=&#8221;off&#8221; min_height=&#8221;220px&#8221; custom_margin=&#8221;-15px||||false|false&#8221; custom_padding=&#8221;20px||0px||false|false&#8221; hover_enabled=&#8221;0&#8243; border_color_top=&#8221;#7cda24&#8243; title_text=&#8221;farol_g_1400&#8243;][et_pb_row use_custom_gutter=&#8221;on&#8221; gutter_width=&#8221;1&#8243; make_equal=&#8221;on&#8221; _builder_version=&#8221;4.4.6&#8243; background_enable_image=&#8221;off&#8221; width=&#8221;100%&#8221; custom_margin=&#8221;0px||0px||false|false&#8221; custom_padding=&#8221;60px|50px|10px|50px|false|false&#8221; animation_style=&#8221;fold&#8221; border_color_top=&#8221;rgba(0,0,0,0.24)&#8221;][et_pb_column type=&#8221;4_4&#8243; _builder_version=&#8221;4.4.6&#8243; background_enable_image=&#8221;off&#8221;][et_pb_text _builder_version=&#8221;4.4.6&#8243; text_font=&#8221;|300|||||||&#8221; text_text_color=&#8221;#ffffff&#8221; text_font_size=&#8221;36px&#8221; hover_enabled=&#8221;0&#8243;]Estamos sempre consigo, a trabalhar para si[\/et_pb_text][\/et_pb_column][\/et_pb_row][\/et_pb_section][et_pb_section fb_built=&#8221;1&#8243; custom_padding_last_edited=&#8221;on|desktop&#8221; admin_label=&#8221;section&#8221; _builder_version=&#8221;4.4.6&#8243; custom_margin=&#8221;||||false|false&#8221; custom_padding=&#8221;0px|0px|0px|0px&#8221; custom_padding_tablet=&#8221;50px|0|50px|0&#8243; custom_padding_phone=&#8221;&#8221; transparent_background=&#8221;off&#8221; padding_mobile=&#8221;off&#8221; make_fullwidth=&#8221;off&#8221; use_custom_width=&#8221;off&#8221; width_unit=&#8221;off&#8221; custom_width_px=&#8221;1080px&#8221; custom_width_percent=&#8221;80%&#8221;][et_pb_row column_structure=&#8221;2_3,1_3&#8243; make_equal=&#8221;on&#8221; column_padding_mobile=&#8221;on&#8221; admin_label=&#8221;row&#8221; _builder_version=&#8221;4.4.6&#8243; background_size=&#8221;initial&#8221; background_position=&#8221;top_center&#8221; background_repeat=&#8221;repeat&#8221; custom_padding=&#8221;27px|50px|22px|50px|false|false&#8221; make_fullwidth=&#8221;off&#8221; use_custom_width=&#8221;off&#8221; width_unit=&#8221;off&#8221; custom_width_px=&#8221;1080px&#8221; custom_width_percent=&#8221;80%&#8221;][et_pb_column type=&#8221;2_3&#8243; _builder_version=&#8221;3.25&#8243; custom_padding=&#8221;|||&#8221; custom_padding__hover=&#8221;|||&#8221;][et_pb_text admin_label=&#8221;Text&#8221; _builder_version=&#8221;3.27.4&#8243; background_size=&#8221;initial&#8221; background_position=&#8221;top_left&#8221; background_repeat=&#8221;repeat&#8221; use_border_color=&#8221;off&#8221; border_style=&#8221;solid&#8221;]<\/p>\n<p>Somos uma empresa fundada em 1993, corporizando uma evolu\u00e7\u00e3o ao trabalho desenvolvido, de forma individual, dos seus fundadores desde 1960.<\/p>\n<p>A Catarino Seguros procura enquadrar os riscos correntes dos seus Clientes Individuais, Fam\u00edlias ou Empresas, na oferta do mercado segurador, adequando com esfor\u00e7o, ambi\u00e7\u00e3o e transpar\u00eancia, o melhor compromisso numa rela\u00e7\u00e3o de equil\u00edbrio entre pr\u00e9mios e coberturas seguras.<\/p>\n<p>Na \u00f3ptica duma constante melhoria do servi\u00e7o prestado temos como miss\u00e3o a optimiza\u00e7\u00e3o dos nossos recursos, humanos e t\u00e9cnicos, no sentido de acrescentar Valor, bem-estar e seguran\u00e7a aos seus Clientes.<\/p>\n<p><span style=\"color: #2c8f82;\"><em>Estamos sempre consigo, a trabalhar para si.<\/em><\/span><\/p>\n<p>[\/et_pb_text][\/et_pb_column][et_pb_column type=&#8221;1_3&#8243; _builder_version=&#8221;4.4.6&#8243; background_image=&#8221;https:\/\/catarinoseguros.pt\/wp-content\/uploads\/2016\/09\/catarino-seguros-2.jpg&#8221; background_position=&#8221;center_right&#8221; custom_padding=&#8221;|||&#8221; custom_padding__hover=&#8221;|||&#8221;][\/et_pb_column][\/et_pb_row][\/et_pb_section][et_pb_section fb_built=&#8221;1&#8243; custom_padding_last_edited=&#8221;on|desktop&#8221; admin_label=&#8221;section&#8221; _builder_version=&#8221;3.22&#8243; custom_padding=&#8221;5px|0px|54px|0px&#8221; custom_padding_tablet=&#8221;50px|0|50px|0&#8243; custom_padding_phone=&#8221;&#8221; transparent_background=&#8221;off&#8221; padding_mobile=&#8221;off&#8221; make_fullwidth=&#8221;off&#8221; use_custom_width=&#8221;off&#8221; width_unit=&#8221;off&#8221; custom_width_px=&#8221;1080px&#8221; custom_width_percent=&#8221;80%&#8221;][et_pb_row _builder_version=&#8221;4.4.6&#8243; custom_padding=&#8221;20px|50px||50px|false|false&#8221;][et_pb_column type=&#8221;4_4&#8243; _builder_version=&#8221;4.4.5&#8243;][et_pb_text _builder_version=&#8221;4.4.5&#8243;]A\u00a0Catarino Seguros para al\u00e9m da estrutura social da empresa, conta com o apoio de um gabinete Jur\u00eddico, um gabinete de Contabilidade e dos sectores\u00a0 Financeiro, Administrativo, T\u00e9cnico e Comercial, envolvendo um total de 9 Profissionais dispostos a pensar consigo, para si e ao encontro da sua opini\u00e3o.<\/p>\n<p>Colabora de forma estreita com as principais e mais prestigiadas Companhias de Seguros, Nacionais e Estrangeiras, contando com um vasto grupo de Profissionais Especializados, movimenta uma carteira de mais de 15.000 ap\u00f3lices, com um volume de neg\u00f3cios superior a 3 milh\u00f5es de Euros.<\/p>\n<p>De acordo com os princ\u00edpios hist\u00f3ricos da organiza\u00e7\u00e3o, actualmente assenta a sua\u00a0 estrat\u00e9gica funcional na rela\u00e7\u00e3o que procura estabelecer, em raz\u00e3o das conting\u00eancias econ\u00f3micas do mercado, na melhor forma\u00a0 do equil\u00edbrio cobertura\/pre\u00e7o, ao n\u00edvel da garantia de uma assist\u00eancia qualificada e concentra esfor\u00e7os na melhoria e Forma\u00e7\u00e3o dos activos humanos e t\u00e9cnicos, procurando criar valor para os seus Clientes.[\/et_pb_text][\/et_pb_column][\/et_pb_row][\/et_pb_section][et_pb_section fb_built=&#8221;1&#8243; fullwidth=&#8221;on&#8221; custom_padding_last_edited=&#8221;on|desktop&#8221; admin_label=&#8221;section&#8221; _builder_version=&#8221;3.22&#8243; custom_padding=&#8221;0px|0px|0px|0px&#8221; custom_padding_tablet=&#8221;50px|0|50px|0&#8243; custom_padding_phone=&#8221;&#8221; transparent_background=&#8221;off&#8221; padding_mobile=&#8221;off&#8221; make_fullwidth=&#8221;off&#8221; use_custom_width=&#8221;off&#8221; width_unit=&#8221;off&#8221; custom_width_px=&#8221;1080px&#8221; custom_width_percent=&#8221;80%&#8221;][et_pb_fullwidth_header title=&#8221;A EQUIPA&#8221; content_max_width=&#8221;none&#8221; title_font_color=&#8221;#2c8f82&#8243; admin_label=&#8221;Header Fundo Verde&#8221; _builder_version=&#8221;4.4.6&#8243; title_text_color=&#8221;#2c8f82&#8243; content_font_size=&#8221;14px&#8221; background_color=&#8221;rgba(255, 255, 255, 0)&#8221; background_layout=&#8221;light&#8221; custom_margin=&#8221;|||100px|false|false&#8221; custom_padding=&#8221;||||false|false&#8221; custom_css_main_element=&#8221;padding: 20px 0px 8px 0px;&#8221; button_one_letter_spacing_hover=&#8221;0&#8243; button_two_letter_spacing_hover=&#8221;0&#8243; global_module=&#8221;28806&#8243; saved_tabs=&#8221;advanced,css&#8221; button_one_text_size__hover_enabled=&#8221;off&#8221; button_two_text_size__hover_enabled=&#8221;off&#8221; button_one_text_color__hover_enabled=&#8221;off&#8221; button_two_text_color__hover_enabled=&#8221;off&#8221; button_one_border_width__hover_enabled=&#8221;off&#8221; button_two_border_width__hover_enabled=&#8221;off&#8221; button_one_border_color__hover_enabled=&#8221;off&#8221; button_two_border_color__hover_enabled=&#8221;off&#8221; button_one_border_radius__hover_enabled=&#8221;off&#8221; button_two_border_radius__hover_enabled=&#8221;off&#8221; button_one_letter_spacing__hover_enabled=&#8221;on&#8221; button_one_letter_spacing__hover=&#8221;0&#8243; button_two_letter_spacing__hover_enabled=&#8221;on&#8221; button_two_letter_spacing__hover=&#8221;0&#8243; button_one_bg_color__hover_enabled=&#8221;off&#8221; button_two_bg_color__hover_enabled=&#8221;off&#8221;] [\/et_pb_fullwidth_header][\/et_pb_section][et_pb_section fb_built=&#8221;1&#8243; custom_padding_last_edited=&#8221;on|desktop&#8221; admin_label=&#8221;Section&#8221; _builder_version=&#8221;3.22&#8243; custom_padding=&#8221;5px|0px|54px|0px&#8221; custom_padding_tablet=&#8221;50px|0|50px|0&#8243; custom_padding_phone=&#8221;&#8221; transparent_background=&#8221;off&#8221; padding_mobile=&#8221;off&#8221; make_fullwidth=&#8221;off&#8221; use_custom_width=&#8221;off&#8221; width_unit=&#8221;off&#8221; custom_width_px=&#8221;1080px&#8221; custom_width_percent=&#8221;80%&#8221;][et_pb_row column_structure=&#8221;1_4,3_4&#8243; make_equal=&#8221;on&#8221; _builder_version=&#8221;4.4.6&#8243; background_enable_image=&#8221;off&#8221; custom_padding=&#8221;|50px||50px|false|false&#8221; border_width_top=&#8221;2px&#8221; border_color_top=&#8221;rgba(0,0,0,0.24)&#8221; locked=&#8221;off&#8221;][et_pb_column type=&#8221;1_4&#8243; _builder_version=&#8221;4.4.3&#8243; background_enable_image=&#8221;off&#8221; background_size=&#8221;initial&#8221; background_position=&#8221;top_center&#8221;][et_pb_image src=&#8221;https:\/\/catarinoseguros.pt\/wp-content\/uploads\/2016\/07\/equipa_valentimcatarino.png&#8221; _builder_version=&#8221;4.4.3&#8243; custom_margin=&#8221;-11px|-28px|-11px|0px|true|false&#8221; custom_padding=&#8221;0px|0px|0px|0px|false|false&#8221;][\/et_pb_image][\/et_pb_column][et_pb_column type=&#8221;3_4&#8243; _builder_version=&#8221;4.4.3&#8243;][et_pb_text _builder_version=&#8221;4.4.3&#8243; text_font=&#8221;|300|||||||&#8221; text_text_color=&#8221;#1a7512&#8243; text_font_size=&#8221;28px&#8221; custom_margin=&#8221;||8px|||&#8221; custom_padding=&#8221;||1px|||&#8221;]Valentim Luiz Catarino[\/et_pb_text][et_pb_text _builder_version=&#8221;4.4.3&#8243; text_text_color=&#8221;#999&#8243; custom_margin=&#8221;||5px|||&#8221;]<\/p>\n<p>S\u00f3cio-Gerente da Catarino Seguros, com o pelouro do Desenvolvimento Comercial e Gest\u00e3o estrat\u00e9gica global.<\/p>\n<p>[\/et_pb_text][et_pb_text _builder_version=&#8221;4.4.3&#8243; custom_margin=&#8221;13px|||||&#8221;]<\/p>\n<p><span>Curso Industrial da Escola Comercial e Industrial do Cac\u00e9m &#8211; Ferreira Dias; Mediador Oficial de Seguros desde 1960, com diversos cursos de Forma\u00e7\u00e3o Profissional promovidos pela APROSE e Companhias Seguradoras Nacionais e Estrangeiras.<\/span><\/p>\n<p><span><\/span><\/p>\n<p><span><span class=\"style7\">Tel:\u00a0 219 239 480\u00a0 &#8211;\u00a0 Fax:\u00a0 219 239 489\u00a0 &#8211;\u00a0 Tm: 963 927 558<br \/> E-mail:\u00a0 <a href=\"mailto:vlc@catarinoseguros.pt\">vlc@catarinoseguros.pt<\/a><\/span><\/span><\/p>\n<p>[\/et_pb_text][\/et_pb_column][\/et_pb_row][et_pb_row column_structure=&#8221;1_4,3_4&#8243; make_equal=&#8221;on&#8221; _builder_version=&#8221;4.4.6&#8243; background_enable_image=&#8221;off&#8221; custom_padding=&#8221;|50px||50px|false|false&#8221; border_width_top=&#8221;2px&#8221; border_color_top=&#8221;rgba(0,0,0,0.24)&#8221; locked=&#8221;off&#8221;][et_pb_column type=&#8221;1_4&#8243; _builder_version=&#8221;4.4.3&#8243; background_enable_image=&#8221;off&#8221; background_size=&#8221;initial&#8221; background_position=&#8221;top_center&#8221;][et_pb_image src=&#8221;https:\/\/catarinoseguros.pt\/wp-content\/uploads\/2020\/05\/equipa_catarino-1.png&#8221; _builder_version=&#8221;4.4.3&#8243; custom_margin=&#8221;-11px|-28px|-11px|0px|true|false&#8221; custom_padding=&#8221;0px|0px|0px|0px|false|false&#8221;][\/et_pb_image][\/et_pb_column][et_pb_column type=&#8221;3_4&#8243; _builder_version=&#8221;4.4.3&#8243;][et_pb_text _builder_version=&#8221;4.4.3&#8243; text_font=&#8221;|300|||||||&#8221; text_text_color=&#8221;#1a7512&#8243; text_font_size=&#8221;28px&#8221; custom_margin=&#8221;||8px|||&#8221; custom_padding=&#8221;||1px|||&#8221;]Lu\u00eds Manuel de Almeida Catarino[\/et_pb_text][et_pb_text _builder_version=&#8221;4.4.3&#8243; text_text_color=&#8221;#999&#8243; custom_margin=&#8221;||5px|||&#8221;]<\/p>\n<p>S\u00f3cio-Gerente da empresa Catarino Seguro, Presidente do Conselho Fiscal da ACOMSEGUR, Membro da OTOC,<br \/>Representante da empresa Catarino Seguros na APROSE.<\/p>\n<p>[\/et_pb_text][et_pb_text _builder_version=&#8221;4.4.3&#8243; custom_margin=&#8221;13px|||||&#8221;]<\/p>\n<p><span>Curso de Direito <br \/>&#8211; Licenciatura em Direito &#8212;<em> Universidade Lus\u00edada e Universidade Aut\u00f3noma de Lisboa <br \/><\/em><\/span><\/p>\n<p><span>Curso de Economia e Gest\u00e3o de Empresas <br \/>&#8211;\u00a0<\/span><span>Licenciatura em Contabilidade e Administra\u00e7\u00e3o, Ramo Contabilidade e Administra\u00e7\u00e3o P\u00fablica &#8212; <\/span><em>IESC \u2013 Instituto de Estudos Superiores de Contabilidade<\/em><\/p>\n<p><span>Curso de Seguros<br \/> <\/span><span>T\u00e9cnico Analista de Riscos &#8211; TAR &#8212; <\/span><span><em>APS \u2013 Associa\u00e7\u00e3o Portuguesa de Seguradores<\/em><\/span><\/p>\n<p><span>Forma\u00e7\u00e3o T\u00e9cnico-Profissional<br \/> <\/span><span>\u00c1rea de Seguros, nos Ramos Vida e N\u00e3o Vida &#8212; <\/span><span><em>APS \u2013 Associa\u00e7\u00e3o Portuguesa de Seguradores &#8212; <\/em><\/span><span>APROSE \u2013 Associa\u00e7\u00e3o Profissional dos Produtores de Seguros, Companhias de Seguros<br \/><\/span><\/p>\n<p><a href=\"https:\/\/catarinoseguros.pt\/wp-content\/uploads\/2020\/05\/Curriculum-vitae-Lu\u00eds-Manuel-de-Almeida-Catarino.pdf\" rel=\"attachment wp-att-29062\">Curriculum vitae &#8211; Lu\u00eds Manuel de Almeida Catarino (PDF)<\/a><\/p>\n<p><span class=\"style7\">Tel:\u00a0 219 239 480\u00a0 &#8211;\u00a0 Fax:\u00a0 219 239 489\u00a0 &#8211;\u00a0 Tm:\u00a0 963 927 557<br \/> E-mail:\u00a0 <a href=\"mailto:lmac@catarinoseguros.pt\">lmac@catarinoseguros.pt<\/a><\/span><\/p>\n<p>[\/et_pb_text][\/et_pb_column][\/et_pb_row][\/et_pb_section]<\/p>\n","protected":false},"excerpt":{"rendered":"<p>EMPRESA Estamos sempre consigo, a trabalhar para siSomos uma empresa fundada em 1993, corporizando uma evolu\u00e7\u00e3o ao trabalho desenvolvido, de forma individual, dos seus fundadores desde 1960. A Catarino Seguros procura enquadrar os riscos correntes dos seus Clientes Individuais, Fam\u00edlias ou Empresas, na oferta do mercado segurador, adequando com esfor\u00e7o, ambi\u00e7\u00e3o e transpar\u00eancia, o melhor [&hellip;]<\/p>\n","protected":false},"author":1,"featured_media":0,"parent":0,"menu_order":0,"comment_status":"closed","ping_status":"closed","template":"","meta":{"_et_pb_use_builder":"on","_et_pb_old_content":"<!-- wp:tadv\/classic-paragraph \/-->","_et_gb_content_width":""},"yoast_head":"<!-- This site is optimized with the Yoast SEO plugin v18.1 - https:\/\/yoast.com\/wordpress\/plugins\/seo\/ -->\n<title>Sobre N\u00f3s - Catarinoseguros<\/title>\n<meta name=\"robots\" content=\"index, follow, max-snippet:-1, max-image-preview:large, max-video-preview:-1\" \/>\n<link rel=\"canonical\" href=\"https:\/\/catarinoseguros.pt\/index.php\/a-nossa-equipa\/\" \/>\n<meta property=\"og:locale\" content=\"pt_PT\" \/>\n<meta property=\"og:type\" content=\"article\" \/>\n<meta property=\"og:title\" content=\"Sobre N\u00f3s - Catarinoseguros\" \/>\n<meta property=\"og:description\" content=\"EMPRESA Estamos sempre consigo, a trabalhar para siSomos uma empresa fundada em 1993, corporizando uma evolu\u00e7\u00e3o ao trabalho desenvolvido, de forma individual, dos seus fundadores desde 1960. A Catarino Seguros procura enquadrar os riscos correntes dos seus Clientes Individuais, Fam\u00edlias ou Empresas, na oferta do mercado segurador, adequando com esfor\u00e7o, ambi\u00e7\u00e3o e transpar\u00eancia, o melhor [&hellip;]\" \/>\n<meta property=\"og:url\" content=\"https:\/\/catarinoseguros.pt\/index.php\/a-nossa-equipa\/\" \/>\n<meta property=\"og:site_name\" content=\"Catarinoseguros\" \/>\n<meta property=\"article:modified_time\" content=\"2020-05-11T11:47:16+00:00\" \/>\n<meta name=\"twitter:card\" content=\"summary_large_image\" \/>\n<meta name=\"twitter:label1\" content=\"Tempo estimado de leitura\" \/>\n\t<meta name=\"twitter:data1\" content=\"8 minutos\" \/>\n<script type=\"application\/ld+json\" class=\"yoast-schema-graph\">{\"@context\":\"https:\/\/schema.org\",\"@graph\":[{\"@type\":\"Organization\",\"@id\":\"https:\/\/catarinoseguros.pt\/#organization\",\"name\":\"Catarino Seguros\",\"url\":\"https:\/\/catarinoseguros.pt\/\",\"sameAs\":[],\"logo\":{\"@type\":\"ImageObject\",\"@id\":\"https:\/\/catarinoseguros.pt\/#logo\",\"inLanguage\":\"pt-PT\",\"url\":\"https:\/\/catarinoseguros.pt\/wp-content\/uploads\/2016\/07\/LOGO_CATARINO_2016_horizontal.png\",\"contentUrl\":\"https:\/\/catarinoseguros.pt\/wp-content\/uploads\/2016\/07\/LOGO_CATARINO_2016_horizontal.png\",\"width\":800,\"height\":310,\"caption\":\"Catarino Seguros\"},\"image\":{\"@id\":\"https:\/\/catarinoseguros.pt\/#logo\"}},{\"@type\":\"WebSite\",\"@id\":\"https:\/\/catarinoseguros.pt\/#website\",\"url\":\"https:\/\/catarinoseguros.pt\/\",\"name\":\"Catarinoseguros\",\"description\":\"Seguros \u00e0 sua medida\",\"publisher\":{\"@id\":\"https:\/\/catarinoseguros.pt\/#organization\"},\"potentialAction\":[{\"@type\":\"SearchAction\",\"target\":{\"@type\":\"EntryPoint\",\"urlTemplate\":\"https:\/\/catarinoseguros.pt\/?s={search_term_string}\"},\"query-input\":\"required name=search_term_string\"}],\"inLanguage\":\"pt-PT\"},{\"@type\":\"WebPage\",\"@id\":\"https:\/\/catarinoseguros.pt\/index.php\/a-nossa-equipa\/#webpage\",\"url\":\"https:\/\/catarinoseguros.pt\/index.php\/a-nossa-equipa\/\",\"name\":\"Sobre N\u00f3s - Catarinoseguros\",\"isPartOf\":{\"@id\":\"https:\/\/catarinoseguros.pt\/#website\"},\"datePublished\":\"2016-07-20T14:57:54+00:00\",\"dateModified\":\"2020-05-11T11:47:16+00:00\",\"breadcrumb\":{\"@id\":\"https:\/\/catarinoseguros.pt\/index.php\/a-nossa-equipa\/#breadcrumb\"},\"inLanguage\":\"pt-PT\",\"potentialAction\":[{\"@type\":\"ReadAction\",\"target\":[\"https:\/\/catarinoseguros.pt\/index.php\/a-nossa-equipa\/\"]}]},{\"@type\":\"BreadcrumbList\",\"@id\":\"https:\/\/catarinoseguros.pt\/index.php\/a-nossa-equipa\/#breadcrumb\",\"itemListElement\":[{\"@type\":\"ListItem\",\"position\":1,\"name\":\"Home\",\"item\":\"https:\/\/catarinoseguros.pt\/\"},{\"@type\":\"ListItem\",\"position\":2,\"name\":\"Sobre N\u00f3s\"}]}]}<\/script>\n<!-- \/ Yoast SEO plugin. -->","yoast_head_json":{"title":"Sobre N\u00f3s - Catarinoseguros","robots":{"index":"index","follow":"follow","max-snippet":"max-snippet:-1","max-image-preview":"max-image-preview:large","max-video-preview":"max-video-preview:-1"},"canonical":"https:\/\/catarinoseguros.pt\/index.php\/a-nossa-equipa\/","og_locale":"pt_PT","og_type":"article","og_title":"Sobre N\u00f3s - Catarinoseguros","og_description":"EMPRESA Estamos sempre consigo, a trabalhar para siSomos uma empresa fundada em 1993, corporizando uma evolu\u00e7\u00e3o ao trabalho desenvolvido, de forma individual, dos seus fundadores desde 1960. A Catarino Seguros procura enquadrar os riscos correntes dos seus Clientes Individuais, Fam\u00edlias ou Empresas, na oferta do mercado segurador, adequando com esfor\u00e7o, ambi\u00e7\u00e3o e transpar\u00eancia, o melhor [&hellip;]","og_url":"https:\/\/catarinoseguros.pt\/index.php\/a-nossa-equipa\/","og_site_name":"Catarinoseguros","article_modified_time":"2020-05-11T11:47:16+00:00","twitter_card":"summary_large_image","twitter_misc":{"Tempo estimado de leitura":"8 minutos"},"schema":{"@context":"https:\/\/schema.org","@graph":[{"@type":"Organization","@id":"https:\/\/catarinoseguros.pt\/#organization","name":"Catarino Seguros","url":"https:\/\/catarinoseguros.pt\/","sameAs":[],"logo":{"@type":"ImageObject","@id":"https:\/\/catarinoseguros.pt\/#logo","inLanguage":"pt-PT","url":"https:\/\/catarinoseguros.pt\/wp-content\/uploads\/2016\/07\/LOGO_CATARINO_2016_horizontal.png","contentUrl":"https:\/\/catarinoseguros.pt\/wp-content\/uploads\/2016\/07\/LOGO_CATARINO_2016_horizontal.png","width":800,"height":310,"caption":"Catarino Seguros"},"image":{"@id":"https:\/\/catarinoseguros.pt\/#logo"}},{"@type":"WebSite","@id":"https:\/\/catarinoseguros.pt\/#website","url":"https:\/\/catarinoseguros.pt\/","name":"Catarinoseguros","description":"Seguros \u00e0 sua medida","publisher":{"@id":"https:\/\/catarinoseguros.pt\/#organization"},"potentialAction":[{"@type":"SearchAction","target":{"@type":"EntryPoint","urlTemplate":"https:\/\/catarinoseguros.pt\/?s={search_term_string}"},"query-input":"required name=search_term_string"}],"inLanguage":"pt-PT"},{"@type":"WebPage","@id":"https:\/\/catarinoseguros.pt\/index.php\/a-nossa-equipa\/#webpage","url":"https:\/\/catarinoseguros.pt\/index.php\/a-nossa-equipa\/","name":"Sobre N\u00f3s - Catarinoseguros","isPartOf":{"@id":"https:\/\/catarinoseguros.pt\/#website"},"datePublished":"2016-07-20T14:57:54+00:00","dateModified":"2020-05-11T11:47:16+00:00","breadcrumb":{"@id":"https:\/\/catarinoseguros.pt\/index.php\/a-nossa-equipa\/#breadcrumb"},"inLanguage":"pt-PT","potentialAction":[{"@type":"ReadAction","target":["https:\/\/catarinoseguros.pt\/index.php\/a-nossa-equipa\/"]}]},{"@type":"BreadcrumbList","@id":"https:\/\/catarinoseguros.pt\/index.php\/a-nossa-equipa\/#breadcrumb","itemListElement":[{"@type":"ListItem","position":1,"name":"Home","item":"https:\/\/catarinoseguros.pt\/"},{"@type":"ListItem","position":2,"name":"Sobre N\u00f3s"}]}]}},"_links":{"self":[{"href":"https:\/\/catarinoseguros.pt\/index.php\/wp-json\/wp\/v2\/pages\/98"}],"collection":[{"href":"https:\/\/catarinoseguros.pt\/index.php\/wp-json\/wp\/v2\/pages"}],"about":[{"href":"https:\/\/catarinoseguros.pt\/index.php\/wp-json\/wp\/v2\/types\/page"}],"author":[{"embeddable":true,"href":"https:\/\/catarinoseguros.pt\/index.php\/wp-json\/wp\/v2\/users\/1"}],"replies":[{"embeddable":true,"href":"https:\/\/catarinoseguros.pt\/index.php\/wp-json\/wp\/v2\/comments?post=98"}],"version-history":[{"count":53,"href":"https:\/\/catarinoseguros.pt\/index.php\/wp-json\/wp\/v2\/pages\/98\/revisions"}],"predecessor-version":[{"id":29434,"href":"https:\/\/catarinoseguros.pt\/index.php\/wp-json\/wp\/v2\/pages\/98\/revisions\/29434"}],"wp:attachment":[{"href":"https:\/\/catarinoseguros.pt\/index.php\/wp-json\/wp\/v2\/media?parent=98"}],"curies":[{"name":"wp","href":"https:\/\/api.w.org\/{rel}","templated":true}]}}