
{"id":60,"date":"2016-07-20T14:21:46","date_gmt":"2016-07-20T14:21:46","guid":{"rendered":"http:\/\/catarinoseguros.pt\/PT\/?page_id=60"},"modified":"2023-06-15T12:23:40","modified_gmt":"2023-06-15T12:23:40","slug":"contactos","status":"publish","type":"page","link":"https:\/\/catarinoseguros.pt\/index.php\/contactos\/","title":{"rendered":"Contactos"},"content":{"rendered":"<p>[et_pb_section fb_built=&#8221;1&#8243; _builder_version=&#8221;4.16&#8243; background_color=&#8221;#2c8f82&#8243; background_color_gradient_direction=&#8221;73deg&#8221; custom_margin=&#8221;-15px||||false|false&#8221; custom_padding=&#8221;20px||40px||false|false&#8221; border_color_top=&#8221;#7cda24&#8243; global_colors_info=&#8221;{}&#8221;][et_pb_row use_custom_gutter=&#8221;on&#8221; gutter_width=&#8221;1&#8243; make_equal=&#8221;on&#8221; _builder_version=&#8221;4.16&#8243; background_enable_image=&#8221;off&#8221; width=&#8221;100%&#8221; custom_margin=&#8221;0px||0px||false|false&#8221; custom_padding=&#8221;10px|50px|10px|50px|false|false&#8221; animation_style=&#8221;fold&#8221; border_color_top=&#8221;rgba(0,0,0,0.24)&#8221; global_colors_info=&#8221;{}&#8221;][et_pb_column type=&#8221;4_4&#8243; _builder_version=&#8221;4.16&#8243; background_enable_image=&#8221;off&#8221; global_colors_info=&#8221;{}&#8221;][et_pb_text _builder_version=&#8221;4.16&#8243; text_font=&#8221;|300|||||||&#8221; text_text_color=&#8221;#ffffff&#8221; text_font_size=&#8221;36px&#8221; global_colors_info=&#8221;{}&#8221;]CONTACTOS[\/et_pb_text][\/et_pb_column][\/et_pb_row][\/et_pb_section][et_pb_section fb_built=&#8221;1&#8243; _builder_version=&#8221;4.16&#8243; background_color=&#8221;#2c8f82&#8243; background_color_gradient_direction=&#8221;73deg&#8221; background_image=&#8221;https:\/\/catarinoseguros.pt\/wp-content\/uploads\/2020\/05\/computador2_g_1400.jpg&#8221; parallax=&#8221;on&#8221; parallax_method=&#8221;off&#8221; min_height=&#8221;220px&#8221; custom_margin=&#8221;-15px||||false|false&#8221; custom_padding=&#8221;20px||0px||false|false&#8221; border_color_top=&#8221;#7cda24&#8243; global_colors_info=&#8221;{}&#8221;][et_pb_row use_custom_gutter=&#8221;on&#8221; gutter_width=&#8221;1&#8243; make_equal=&#8221;on&#8221; _builder_version=&#8221;4.16&#8243; background_enable_image=&#8221;off&#8221; width=&#8221;100%&#8221; custom_margin=&#8221;0px||0px||false|false&#8221; custom_padding=&#8221;60px|50px|10px|50px|false|false&#8221; animation_style=&#8221;fold&#8221; border_color_top=&#8221;rgba(0,0,0,0.24)&#8221; global_colors_info=&#8221;{}&#8221;][et_pb_column type=&#8221;4_4&#8243; _builder_version=&#8221;4.16&#8243; background_enable_image=&#8221;off&#8221; global_colors_info=&#8221;{}&#8221;][et_pb_text _builder_version=&#8221;4.16&#8243; text_font=&#8221;|300|||||||&#8221; text_text_color=&#8221;#ffffff&#8221; text_font_size=&#8221;36px&#8221; global_colors_info=&#8221;{}&#8221;]Coloque-nos a sua quest\u00e3o[\/et_pb_text][\/et_pb_column][\/et_pb_row][\/et_pb_section][et_pb_section fb_built=&#8221;1&#8243; custom_padding_last_edited=&#8221;on|desktop&#8221; admin_label=&#8221;section&#8221; _builder_version=&#8221;4.16&#8243; custom_padding=&#8221;22px|||||&#8221; custom_padding_tablet=&#8221;50px|0|50px|0&#8243; custom_padding_phone=&#8221;&#8221; transparent_background=&#8221;off&#8221; padding_mobile=&#8221;off&#8221; make_fullwidth=&#8221;off&#8221; use_custom_width=&#8221;off&#8221; width_unit=&#8221;off&#8221; custom_width_px=&#8221;1080px&#8221; custom_width_percent=&#8221;80%&#8221; global_colors_info=&#8221;{}&#8221;][et_pb_row column_padding_mobile=&#8221;on&#8221; admin_label=&#8221;Row&#8221; _builder_version=&#8221;4.16&#8243; background_size=&#8221;initial&#8221; background_position=&#8221;top_left&#8221; background_repeat=&#8221;repeat&#8221; custom_padding=&#8221;|50px|8px|50px|false|false&#8221; make_fullwidth=&#8221;off&#8221; use_custom_width=&#8221;off&#8221; width_unit=&#8221;off&#8221; custom_width_px=&#8221;1080px&#8221; custom_width_percent=&#8221;80%&#8221; global_colors_info=&#8221;{}&#8221;][et_pb_column type=&#8221;4_4&#8243; _builder_version=&#8221;4.16&#8243; custom_padding=&#8221;|||&#8221; global_colors_info=&#8221;{}&#8221; custom_padding__hover=&#8221;|||&#8221;][et_pb_text admin_label=&#8221;Text&#8221; _builder_version=&#8221;4.16&#8243; background_size=&#8221;initial&#8221; background_position=&#8221;top_left&#8221; background_repeat=&#8221;repeat&#8221; custom_margin=&#8221;||5px|||&#8221; use_border_color=&#8221;off&#8221; border_style=&#8221;solid&#8221; global_colors_info=&#8221;{}&#8221;]<\/p>\n<h1><span style=\"color: #2c8f82;\">Catarino Seguros<\/span><\/h1>\n<p>ACRESCENTAMOS VALOR<\/p>\n<p>&nbsp;<\/p>\n<p>[\/et_pb_text][\/et_pb_column][\/et_pb_row][et_pb_row column_structure=&#8221;1_2,1_2&#8243; column_padding_mobile=&#8221;on&#8221; admin_label=&#8221;row&#8221; _builder_version=&#8221;4.16&#8243; background_size=&#8221;initial&#8221; background_position=&#8221;top_left&#8221; background_repeat=&#8221;repeat&#8221; custom_padding=&#8221;|50px||50px|false|false&#8221; make_fullwidth=&#8221;off&#8221; use_custom_width=&#8221;off&#8221; width_unit=&#8221;off&#8221; custom_width_px=&#8221;1080px&#8221; custom_width_percent=&#8221;80%&#8221; global_colors_info=&#8221;{}&#8221;][et_pb_column type=&#8221;1_2&#8243; _builder_version=&#8221;4.16&#8243; custom_padding=&#8221;|||&#8221; global_colors_info=&#8221;{}&#8221; custom_padding__hover=&#8221;|||&#8221;][et_pb_text admin_label=&#8221;Text&#8221; _builder_version=&#8221;4.21.0&#8243; background_size=&#8221;initial&#8221; background_position=&#8221;top_left&#8221; background_repeat=&#8221;repeat&#8221; hover_enabled=&#8221;0&#8243; use_border_color=&#8221;off&#8221; border_style=&#8221;solid&#8221; global_colors_info=&#8221;{}&#8221; sticky_enabled=&#8221;0&#8243;]<\/p>\n<div class=\"contnewsnodot\">\n<p><strong style=\"font-size: 16px;\"><span style=\"font-size: large;\">SINTRA &#8211; Sede<\/span><\/strong><\/p>\n<\/div>\n<div id=\"contnewsleftcol\">\n<p><strong> <\/strong><\/p>\n<p>Av. D. Francisco de Almeida, 11RC<br \/>2710-562 Sintra<\/p>\n<p>Tel:\u00a0 219 239 480 *<br \/>Tm:\u00a0 963 927 555 **\u00a0 \/\u00a0 914 545 451 **<br \/>Fax:\u00a0 219 239 489 *<\/p>\n<p>E-mail: \u00a0<a href=\"mailto:geral@catarinoseguros.pt\">geral@catarinoseguros.pt<\/a><\/p>\n<p>&nbsp;<\/p>\n<\/div>\n<p>[\/et_pb_text][\/et_pb_column][et_pb_column type=&#8221;1_2&#8243; _builder_version=&#8221;4.16&#8243; global_colors_info=&#8221;{}&#8221;][\/et_pb_column][\/et_pb_row][et_pb_row column_structure=&#8221;1_3,1_3,1_3&#8243; column_padding_mobile=&#8221;on&#8221; disabled_on=&#8221;on|on|on&#8221; admin_label=&#8221;row&#8221; _builder_version=&#8221;4.16&#8243; background_size=&#8221;initial&#8221; background_position=&#8221;top_left&#8221; background_repeat=&#8221;repeat&#8221; custom_padding=&#8221;|50px||50px|false|false&#8221; make_fullwidth=&#8221;off&#8221; use_custom_width=&#8221;off&#8221; width_unit=&#8221;off&#8221; custom_width_px=&#8221;1080px&#8221; custom_width_percent=&#8221;80%&#8221; disabled=&#8221;on&#8221; global_colors_info=&#8221;{}&#8221;][et_pb_column type=&#8221;1_3&#8243; _builder_version=&#8221;4.16&#8243; custom_padding=&#8221;|||&#8221; global_colors_info=&#8221;{}&#8221; custom_padding__hover=&#8221;|||&#8221;][et_pb_text admin_label=&#8221;Text&#8221; _builder_version=&#8221;4.21.0&#8243; background_size=&#8221;initial&#8221; background_position=&#8221;top_left&#8221; background_repeat=&#8221;repeat&#8221; hover_enabled=&#8221;0&#8243; use_border_color=&#8221;off&#8221; border_style=&#8221;solid&#8221; global_colors_info=&#8221;{}&#8221; sticky_enabled=&#8221;0&#8243;]<\/p>\n<div class=\"contnewsnodot\">\n<p><strong style=\"font-size: 16px;\"><span style=\"font-size: large;\">SINTRA &#8211; Sede<\/span><\/strong><\/p>\n<\/div>\n<div id=\"contnewsleftcol\">\n<p><strong> <\/strong><\/p>\n<p>Av. D. Francisco de Almeida, 11RC<br \/>2710-562 Sintra<\/p>\n<p>Tel:\u00a0 219 239 480 *<br \/>Tm:\u00a0 963 927 555 **\u00a0 \/\u00a0 914 545 451 **<br \/>Fax:\u00a0 219 239 489 *<\/p>\n<p>E-mail: \u00a0<a href=\"mailto:geral@catarinoseguros.pt\">geral@catarinoseguros.pt<\/a><\/p>\n<p>&nbsp;<\/p>\n<\/div>\n<p>[\/et_pb_text][\/et_pb_column][et_pb_column type=&#8221;1_3&#8243; _builder_version=&#8221;4.16&#8243; global_colors_info=&#8221;{}&#8221;][et_pb_text admin_label=&#8221;Text&#8221; _builder_version=&#8221;4.21.0&#8243; background_size=&#8221;initial&#8221; background_position=&#8221;top_left&#8221; background_repeat=&#8221;repeat&#8221; hover_enabled=&#8221;0&#8243; use_border_color=&#8221;off&#8221; border_style=&#8221;solid&#8221; global_colors_info=&#8221;{}&#8221; sticky_enabled=&#8221;0&#8243;]<\/p>\n<div class=\"contnewsnodot\">\n<p><strong style=\"font-size: 16px;\">SET\u00daBAL &#8211; Delega\u00e7\u00e3o\u00a0<\/strong><\/p>\n<\/div>\n<div id=\"contnewsleftcol\">\n<p><strong><\/strong><\/p>\n<p>Estrada Vale da Rosa,<br \/>&#8220;BlueBiz &#8211; Parque Industrial&#8221;,<br \/>Edificio V, Sala 2<br \/>(Junto ao Instituto Polit\u00e9cnico)<br \/>2910-845 Set\u00fabal<\/p>\n<p align=\"left\">Tel:\u00a0 219 239 480 *\u00a0 \/\u00a0 265 701 901 *<br \/>Tm:\u00a0 963 927 555 **\u00a0 \/\u00a0 914 545 451 **<\/p>\n<p>E-mail: \u00a0<a href=\"mailto:geral@catarinoseguros.pt\">geral@catarinoseguros.pt<\/a><\/p>\n<p>&nbsp;<\/p>\n<\/div>\n<p>[\/et_pb_text][\/et_pb_column][et_pb_column type=&#8221;1_3&#8243; _builder_version=&#8221;4.16&#8243; global_colors_info=&#8221;{}&#8221;][et_pb_text admin_label=&#8221;Text&#8221; _builder_version=&#8221;4.16&#8243; background_size=&#8221;initial&#8221; background_position=&#8221;top_left&#8221; background_repeat=&#8221;repeat&#8221; use_border_color=&#8221;off&#8221; border_style=&#8221;solid&#8221; global_colors_info=&#8221;{}&#8221;]<\/p>\n<div class=\"contnewsnodot\">\n<p><strong>TORRES VEDRAS &#8211; Delega\u00e7\u00e3o<\/strong><\/p>\n<p>R. Miguel Bombarda, 2 &#8211; Loja 1<br \/>(Junto \u00e0 Igreja S. Pedro)<\/p>\n<\/div>\n<div id=\"contnewsleftcol\">\n<p align=\"left\">2560-353 Torres Vedras<\/p>\n<p align=\"left\">Tel:\u00a0 261 060 826<br \/>Tm:\u00a0 914 545 451<\/p>\n<p align=\"left\">E-mail:\u00a0 <a href=\"mailto:geral@catarinoseguros.pt\">geral@catarinoseguros.pt<\/a> \/ <a href=\"mailto:%20sas@catarinoseguros.pt\">sas@catarinoseguros.pt<\/a><\/p>\n<p>&nbsp;<\/p>\n<\/div>\n<p>[\/et_pb_text][\/et_pb_column][\/et_pb_row][et_pb_row column_structure=&#8221;1_2,1_2&#8243; column_padding_mobile=&#8221;on&#8221; admin_label=&#8221;row&#8221; _builder_version=&#8221;4.16&#8243; background_size=&#8221;initial&#8221; background_position=&#8221;top_left&#8221; background_repeat=&#8221;repeat&#8221; custom_padding=&#8221;|50px||50px|false|false&#8221; make_fullwidth=&#8221;off&#8221; use_custom_width=&#8221;off&#8221; width_unit=&#8221;off&#8221; custom_width_px=&#8221;1080px&#8221; custom_width_percent=&#8221;80%&#8221; global_colors_info=&#8221;{}&#8221;][et_pb_column type=&#8221;1_2&#8243; _builder_version=&#8221;4.16&#8243; custom_padding=&#8221;|||&#8221; global_colors_info=&#8221;{}&#8221; custom_padding__hover=&#8221;|||&#8221;][et_pb_text admin_label=&#8221;Text&#8221; _builder_version=&#8221;4.21.0&#8243; background_size=&#8221;initial&#8221; background_position=&#8221;top_left&#8221; background_repeat=&#8221;repeat&#8221; hover_enabled=&#8221;0&#8243; use_border_color=&#8221;off&#8221; border_style=&#8221;solid&#8221; global_colors_info=&#8221;{}&#8221; sticky_enabled=&#8221;0&#8243;]<\/p>\n<div id=\"contnewsleftcol\">\n<p align=\"left\"><strong>SINTRA \/ Rio de Mouro &#8211; Espa\u00e7o Agente \/ Eduardo Sucena <\/strong><\/p>\n<p align=\"left\">Praceta Alexandre Giusti, Lote 5, 2\u00ba Esq.<br \/>Varge Mondar<br \/>2635-530 Rio de Mouro<\/p>\n<p align=\"left\">Tm:\u00a0 916 177 194 **<\/p>\n<p align=\"left\">E-mail:\u00a0 <a href=\"mailto:%20sucena.eduardo@gmail.com\">sucena.eduardo@gmail.com<\/a><\/p>\n<\/div>\n<p>[\/et_pb_text][et_pb_text admin_label=&#8221;Text&#8221; _builder_version=&#8221;4.21.0&#8243; background_size=&#8221;initial&#8221; background_position=&#8221;top_left&#8221; background_repeat=&#8221;repeat&#8221; hover_enabled=&#8221;0&#8243; use_border_color=&#8221;off&#8221; border_style=&#8221;solid&#8221; global_colors_info=&#8221;{}&#8221; sticky_enabled=&#8221;0&#8243;]<\/p>\n<div id=\"contnewsleftcol\">\n<p align=\"left\">*chamada para rede fixa nacional<br \/>**chamada para rede m\u00f3vel nacional<\/p>\n<\/div>\n<p>[\/et_pb_text][\/et_pb_column][et_pb_column type=&#8221;1_2&#8243; _builder_version=&#8221;4.16&#8243; global_colors_info=&#8221;{}&#8221;][et_pb_text admin_label=&#8221;Text&#8221; _builder_version=&#8221;4.21.0&#8243; background_size=&#8221;initial&#8221; background_position=&#8221;top_left&#8221; background_repeat=&#8221;repeat&#8221; hover_enabled=&#8221;0&#8243; use_border_color=&#8221;off&#8221; border_style=&#8221;solid&#8221; global_colors_info=&#8221;{}&#8221; sticky_enabled=&#8221;0&#8243;]<\/p>\n<div class=\"contnewsnodot\">\n<p align=\"left\"><strong>TORRES NOVAS &#8211; Espa\u00e7o Agente \/ Lu\u00eds Vieira Cruz<\/strong><\/p>\n<\/div>\n<div id=\"contnewsleftcol\">\n<p align=\"left\">R. Abilio Martins, 10<br \/>Zibreira<br \/>2350-843 Torres Novas<\/p>\n<p align=\"left\">Tel:\u00a0 925 710 207 **<\/p>\n<p align=\"left\">E-mail:\u00a0 <a href=\"mailto:%20luisclruz@catarinoseguros.pt \">luisclruz@catarinoseguros.pt<\/a><\/p>\n<p>&nbsp;<\/p>\n<\/div>\n<p>[\/et_pb_text][\/et_pb_column][\/et_pb_row][\/et_pb_section][et_pb_section fb_built=&#8221;1&#8243; fullwidth=&#8221;on&#8221; custom_padding_last_edited=&#8221;on|desktop&#8221; admin_label=&#8221;Section&#8221; _builder_version=&#8221;4.16&#8243; custom_padding_tablet=&#8221;50px|0|50px|0&#8243; custom_padding_phone=&#8221;&#8221; transparent_background=&#8221;off&#8221; padding_mobile=&#8221;off&#8221; make_fullwidth=&#8221;off&#8221; use_custom_width=&#8221;off&#8221; width_unit=&#8221;off&#8221; custom_width_px=&#8221;1080px&#8221; custom_width_percent=&#8221;80%&#8221; global_colors_info=&#8221;{}&#8221;][et_pb_fullwidth_map address=&#8221;Av. Dom Francisco de Almeida 11, 2710-561 Sintra, Portugal&#8221; address_lat=&#8221;38.8009539&#8243; address_lng=&#8221;-9.382592599999953&#8243; admin_label=&#8221;Fullwidth Map&#8221; _builder_version=&#8221;4.16&#8243; global_colors_info=&#8221;{}&#8221;][et_pb_map_pin title=&#8221;CATARINO SEGUROS&#8221; pin_address=&#8221;Av. Dom Francisco de Almeida 11, 2710-561 Sintra, Portugal&#8221; pin_address_lat=&#8221;38.8009539&#8243; pin_address_lng=&#8221;-9.382592599999953&#8243; _builder_version=&#8221;3.0.47&#8243; global_colors_info=&#8221;{}&#8221;] [\/et_pb_map_pin][\/et_pb_fullwidth_map][\/et_pb_section]<\/p>\n","protected":false},"excerpt":{"rendered":"<p>CONTACTOSColoque-nos a sua quest\u00e3oCatarino Seguros ACRESCENTAMOS VALOR &nbsp; SINTRA &#8211; Sede Av. D. Francisco de Almeida, 11RC2710-562 Sintra Tel:\u00a0 219 239 480 *Tm:\u00a0 963 927 555 **\u00a0 \/\u00a0 914 545 451 **Fax:\u00a0 219 239 489 * E-mail: \u00a0geral@catarinoseguros.pt &nbsp; SINTRA &#8211; Sede Av. D. Francisco de Almeida, 11RC2710-562 Sintra Tel:\u00a0 219 239 480 *Tm:\u00a0 963 [&hellip;]<\/p>\n","protected":false},"author":1,"featured_media":0,"parent":0,"menu_order":0,"comment_status":"closed","ping_status":"closed","template":"","meta":{"_et_pb_use_builder":"on","_et_pb_old_content":"<div class=\"contnewsnodot\"><h1>Catarino Seguros<\/h1>SOLU\u00c7\u00d5ES COMPLETAS PARA SEGUROS, \u00c0 SUA MEDIDA<\/div><div id=\"contnewsleftcol\"><p align=\"left\"><strong>Av. D. Francisco de Almeida, 11 r\/c <br \/> 2710-562 SINTRA<br \/> Tel: 21 923 94 80 <br \/> Fax: 21 923 94 89 <\/strong><br \/> <a href=\"http:\/\/catarinoseguros.pt\/main.htm\" target=\"_top\">www.catarinoseguros.pt<\/a><br \/> e-mail: \u00a0<a href=\"mailto:geral@catarinoseguros.pt\">geral@catarinoseguros.pt<\/a><\/p><h3>Pode poupar mais que o custo do nosso servi\u00e7o, <br \/> que \u00e9 apenas o tempo de nos contactar!<\/h3>Podemos mesmo marcar uma reuni\u00e3o nas nossas instala\u00e7\u00f5es,<br \/> ou onde lhe seja poss\u00edvel.<\/div>","_et_gb_content_width":""},"yoast_head":"<!-- This site is optimized with the Yoast SEO plugin v18.1 - https:\/\/yoast.com\/wordpress\/plugins\/seo\/ -->\n<title>Contactos - Catarinoseguros<\/title>\n<meta name=\"robots\" content=\"index, follow, max-snippet:-1, max-image-preview:large, max-video-preview:-1\" \/>\n<link rel=\"canonical\" href=\"https:\/\/catarinoseguros.pt\/index.php\/contactos\/\" \/>\n<meta property=\"og:locale\" content=\"pt_PT\" \/>\n<meta property=\"og:type\" content=\"article\" \/>\n<meta property=\"og:title\" content=\"Contactos - Catarinoseguros\" \/>\n<meta property=\"og:description\" content=\"CONTACTOSColoque-nos a sua quest\u00e3oCatarino Seguros ACRESCENTAMOS VALOR &nbsp; SINTRA - Sede Av. D. Francisco de Almeida, 11RC2710-562 Sintra Tel:\u00a0 219 239 480 *Tm:\u00a0 963 927 555 **\u00a0 \/\u00a0 914 545 451 **Fax:\u00a0 219 239 489 * E-mail: \u00a0geral@catarinoseguros.pt &nbsp; SINTRA - Sede Av. D. Francisco de Almeida, 11RC2710-562 Sintra Tel:\u00a0 219 239 480 *Tm:\u00a0 963 [&hellip;]\" \/>\n<meta property=\"og:url\" content=\"https:\/\/catarinoseguros.pt\/index.php\/contactos\/\" \/>\n<meta property=\"og:site_name\" content=\"Catarinoseguros\" \/>\n<meta property=\"article:modified_time\" content=\"2023-06-15T12:23:40+00:00\" \/>\n<meta name=\"twitter:card\" content=\"summary_large_image\" \/>\n<meta name=\"twitter:label1\" content=\"Tempo estimado de leitura\" \/>\n\t<meta name=\"twitter:data1\" content=\"6 minutos\" \/>\n<script type=\"application\/ld+json\" class=\"yoast-schema-graph\">{\"@context\":\"https:\/\/schema.org\",\"@graph\":[{\"@type\":\"Organization\",\"@id\":\"https:\/\/catarinoseguros.pt\/#organization\",\"name\":\"Catarino Seguros\",\"url\":\"https:\/\/catarinoseguros.pt\/\",\"sameAs\":[],\"logo\":{\"@type\":\"ImageObject\",\"@id\":\"https:\/\/catarinoseguros.pt\/#logo\",\"inLanguage\":\"pt-PT\",\"url\":\"https:\/\/catarinoseguros.pt\/wp-content\/uploads\/2016\/07\/LOGO_CATARINO_2016_horizontal.png\",\"contentUrl\":\"https:\/\/catarinoseguros.pt\/wp-content\/uploads\/2016\/07\/LOGO_CATARINO_2016_horizontal.png\",\"width\":800,\"height\":310,\"caption\":\"Catarino Seguros\"},\"image\":{\"@id\":\"https:\/\/catarinoseguros.pt\/#logo\"}},{\"@type\":\"WebSite\",\"@id\":\"https:\/\/catarinoseguros.pt\/#website\",\"url\":\"https:\/\/catarinoseguros.pt\/\",\"name\":\"Catarinoseguros\",\"description\":\"Seguros \u00e0 sua medida\",\"publisher\":{\"@id\":\"https:\/\/catarinoseguros.pt\/#organization\"},\"potentialAction\":[{\"@type\":\"SearchAction\",\"target\":{\"@type\":\"EntryPoint\",\"urlTemplate\":\"https:\/\/catarinoseguros.pt\/?s={search_term_string}\"},\"query-input\":\"required name=search_term_string\"}],\"inLanguage\":\"pt-PT\"},{\"@type\":\"WebPage\",\"@id\":\"https:\/\/catarinoseguros.pt\/index.php\/contactos\/#webpage\",\"url\":\"https:\/\/catarinoseguros.pt\/index.php\/contactos\/\",\"name\":\"Contactos - Catarinoseguros\",\"isPartOf\":{\"@id\":\"https:\/\/catarinoseguros.pt\/#website\"},\"datePublished\":\"2016-07-20T14:21:46+00:00\",\"dateModified\":\"2023-06-15T12:23:40+00:00\",\"breadcrumb\":{\"@id\":\"https:\/\/catarinoseguros.pt\/index.php\/contactos\/#breadcrumb\"},\"inLanguage\":\"pt-PT\",\"potentialAction\":[{\"@type\":\"ReadAction\",\"target\":[\"https:\/\/catarinoseguros.pt\/index.php\/contactos\/\"]}]},{\"@type\":\"BreadcrumbList\",\"@id\":\"https:\/\/catarinoseguros.pt\/index.php\/contactos\/#breadcrumb\",\"itemListElement\":[{\"@type\":\"ListItem\",\"position\":1,\"name\":\"Home\",\"item\":\"https:\/\/catarinoseguros.pt\/\"},{\"@type\":\"ListItem\",\"position\":2,\"name\":\"Contactos\"}]}]}<\/script>\n<!-- \/ Yoast SEO plugin. -->","yoast_head_json":{"title":"Contactos - Catarinoseguros","robots":{"index":"index","follow":"follow","max-snippet":"max-snippet:-1","max-image-preview":"max-image-preview:large","max-video-preview":"max-video-preview:-1"},"canonical":"https:\/\/catarinoseguros.pt\/index.php\/contactos\/","og_locale":"pt_PT","og_type":"article","og_title":"Contactos - Catarinoseguros","og_description":"CONTACTOSColoque-nos a sua quest\u00e3oCatarino Seguros ACRESCENTAMOS VALOR &nbsp; SINTRA - Sede Av. D. Francisco de Almeida, 11RC2710-562 Sintra Tel:\u00a0 219 239 480 *Tm:\u00a0 963 927 555 **\u00a0 \/\u00a0 914 545 451 **Fax:\u00a0 219 239 489 * E-mail: \u00a0geral@catarinoseguros.pt &nbsp; SINTRA - Sede Av. D. Francisco de Almeida, 11RC2710-562 Sintra Tel:\u00a0 219 239 480 *Tm:\u00a0 963 [&hellip;]","og_url":"https:\/\/catarinoseguros.pt\/index.php\/contactos\/","og_site_name":"Catarinoseguros","article_modified_time":"2023-06-15T12:23:40+00:00","twitter_card":"summary_large_image","twitter_misc":{"Tempo estimado de leitura":"6 minutos"},"schema":{"@context":"https:\/\/schema.org","@graph":[{"@type":"Organization","@id":"https:\/\/catarinoseguros.pt\/#organization","name":"Catarino Seguros","url":"https:\/\/catarinoseguros.pt\/","sameAs":[],"logo":{"@type":"ImageObject","@id":"https:\/\/catarinoseguros.pt\/#logo","inLanguage":"pt-PT","url":"https:\/\/catarinoseguros.pt\/wp-content\/uploads\/2016\/07\/LOGO_CATARINO_2016_horizontal.png","contentUrl":"https:\/\/catarinoseguros.pt\/wp-content\/uploads\/2016\/07\/LOGO_CATARINO_2016_horizontal.png","width":800,"height":310,"caption":"Catarino Seguros"},"image":{"@id":"https:\/\/catarinoseguros.pt\/#logo"}},{"@type":"WebSite","@id":"https:\/\/catarinoseguros.pt\/#website","url":"https:\/\/catarinoseguros.pt\/","name":"Catarinoseguros","description":"Seguros \u00e0 sua medida","publisher":{"@id":"https:\/\/catarinoseguros.pt\/#organization"},"potentialAction":[{"@type":"SearchAction","target":{"@type":"EntryPoint","urlTemplate":"https:\/\/catarinoseguros.pt\/?s={search_term_string}"},"query-input":"required name=search_term_string"}],"inLanguage":"pt-PT"},{"@type":"WebPage","@id":"https:\/\/catarinoseguros.pt\/index.php\/contactos\/#webpage","url":"https:\/\/catarinoseguros.pt\/index.php\/contactos\/","name":"Contactos - Catarinoseguros","isPartOf":{"@id":"https:\/\/catarinoseguros.pt\/#website"},"datePublished":"2016-07-20T14:21:46+00:00","dateModified":"2023-06-15T12:23:40+00:00","breadcrumb":{"@id":"https:\/\/catarinoseguros.pt\/index.php\/contactos\/#breadcrumb"},"inLanguage":"pt-PT","potentialAction":[{"@type":"ReadAction","target":["https:\/\/catarinoseguros.pt\/index.php\/contactos\/"]}]},{"@type":"BreadcrumbList","@id":"https:\/\/catarinoseguros.pt\/index.php\/contactos\/#breadcrumb","itemListElement":[{"@type":"ListItem","position":1,"name":"Home","item":"https:\/\/catarinoseguros.pt\/"},{"@type":"ListItem","position":2,"name":"Contactos"}]}]}},"_links":{"self":[{"href":"https:\/\/catarinoseguros.pt\/index.php\/wp-json\/wp\/v2\/pages\/60"}],"collection":[{"href":"https:\/\/catarinoseguros.pt\/index.php\/wp-json\/wp\/v2\/pages"}],"about":[{"href":"https:\/\/catarinoseguros.pt\/index.php\/wp-json\/wp\/v2\/types\/page"}],"author":[{"embeddable":true,"href":"https:\/\/catarinoseguros.pt\/index.php\/wp-json\/wp\/v2\/users\/1"}],"replies":[{"embeddable":true,"href":"https:\/\/catarinoseguros.pt\/index.php\/wp-json\/wp\/v2\/comments?post=60"}],"version-history":[{"count":27,"href":"https:\/\/catarinoseguros.pt\/index.php\/wp-json\/wp\/v2\/pages\/60\/revisions"}],"predecessor-version":[{"id":29710,"href":"https:\/\/catarinoseguros.pt\/index.php\/wp-json\/wp\/v2\/pages\/60\/revisions\/29710"}],"wp:attachment":[{"href":"https:\/\/catarinoseguros.pt\/index.php\/wp-json\/wp\/v2\/media?parent=60"}],"curies":[{"name":"wp","href":"https:\/\/api.w.org\/{rel}","templated":true}]}}