
{"id":29599,"date":"2021-03-29T09:06:41","date_gmt":"2021-03-29T09:06:41","guid":{"rendered":"https:\/\/catarinoseguros.pt\/?page_id=29599"},"modified":"2021-05-24T11:04:10","modified_gmt":"2021-05-24T11:04:10","slug":"simulacao-vida-tranquilidade","status":"publish","type":"page","link":"https:\/\/catarinoseguros.pt\/index.php\/produtos-particulares\/simulacao-vida-tranquilidade\/","title":{"rendered":"Simula\u00e7\u00e3o Vida &#8211; Tranquilidade"},"content":{"rendered":"<p>[et_pb_section fb_built=&#8221;1&#8243; _builder_version=&#8221;4.4.6&#8243; background_color=&#8221;#2c8f82&#8243; background_color_gradient_direction=&#8221;73deg&#8221; custom_margin=&#8221;-15px||||false|false&#8221; custom_padding=&#8221;20px||40px||false|false&#8221; border_color_top=&#8221;#7cda24&#8243;][et_pb_row use_custom_gutter=&#8221;on&#8221; gutter_width=&#8221;1&#8243; make_equal=&#8221;on&#8221; _builder_version=&#8221;4.4.6&#8243; background_enable_image=&#8221;off&#8221; width=&#8221;100%&#8221; custom_margin=&#8221;0px||0px||false|false&#8221; custom_padding=&#8221;10px|50px|10px|50px|false|false&#8221; animation_style=&#8221;fold&#8221; border_color_top=&#8221;rgba(0,0,0,0.24)&#8221;][et_pb_column type=&#8221;4_4&#8243; _builder_version=&#8221;4.4.6&#8243; background_enable_image=&#8221;off&#8221;][et_pb_text _builder_version=&#8221;4.4.6&#8243; text_font=&#8221;|300|||||||&#8221; text_text_color=&#8221;#ffffff&#8221; text_font_size=&#8221;36px&#8221;]PRODUTOS[\/et_pb_text][\/et_pb_column][\/et_pb_row][\/et_pb_section][et_pb_section fb_built=&#8221;1&#8243; _builder_version=&#8221;4.4.6&#8243; background_color=&#8221;#2c8f82&#8243; background_color_gradient_direction=&#8221;73deg&#8221; background_image=&#8221;https:\/\/catarinoseguros.pt\/wp-content\/uploads\/2020\/05\/familia2_g_1400.jpg&#8221; parallax=&#8221;on&#8221; parallax_method=&#8221;off&#8221; min_height=&#8221;220px&#8221; custom_margin=&#8221;-15px||||false|false&#8221; custom_padding=&#8221;20px||0px||false|false&#8221; border_color_top=&#8221;#7cda24&#8243;][et_pb_row use_custom_gutter=&#8221;on&#8221; gutter_width=&#8221;1&#8243; make_equal=&#8221;on&#8221; _builder_version=&#8221;4.4.6&#8243; background_enable_image=&#8221;off&#8221; width=&#8221;100%&#8221; custom_margin=&#8221;0px||0px||false|false&#8221; custom_padding=&#8221;60px|50px|10px|50px|false|false&#8221; animation_style=&#8221;fold&#8221; border_color_top=&#8221;rgba(0,0,0,0.24)&#8221;][et_pb_column type=&#8221;4_4&#8243; _builder_version=&#8221;4.4.6&#8243; background_enable_image=&#8221;off&#8221;][et_pb_text _builder_version=&#8221;4.4.6&#8243; text_font=&#8221;|300|||||||&#8221; text_text_color=&#8221;#ffffff&#8221; text_font_size=&#8221;36px&#8221;]Seguros para particulares[\/et_pb_text][\/et_pb_column][\/et_pb_row][\/et_pb_section][et_pb_section fb_built=&#8221;1&#8243; _builder_version=&#8221;4.4.3&#8243; background_enable_color=&#8221;off&#8221; background_color_gradient_direction=&#8221;73deg&#8221; min_height=&#8221;302px&#8221; custom_margin=&#8221;3px|||||&#8221; custom_padding=&#8221;13px||11px|||&#8221; border_color_top=&#8221;#7cda24&#8243;][et_pb_row column_structure=&#8221;1_4,1_2,1_4&#8243; use_custom_gutter=&#8221;on&#8221; gutter_width=&#8221;1&#8243; make_equal=&#8221;on&#8221; _builder_version=&#8221;4.9.2&#8243; background_enable_image=&#8221;off&#8221; width=&#8221;100%&#8221; custom_padding=&#8221;|50px||50px|false|false&#8221; animation_style=&#8221;fold&#8221; border_width_top=&#8221;2px&#8221; border_color_top=&#8221;rgba(0,0,0,0.24)&#8221;][et_pb_column type=&#8221;1_4&#8243; _builder_version=&#8221;4.9.2&#8243; background_image=&#8221;https:\/\/catarinoseguros.pt\/wp-content\/uploads\/2020\/05\/youngfamily_1400.jpg&#8221; background_position=&#8221;top_center&#8221; custom_css_main_element=&#8221;width: 30%!important;&#8221;][\/et_pb_column][et_pb_column type=&#8221;1_2&#8243; _builder_version=&#8221;4.4.6&#8243; background_enable_color=&#8221;off&#8221; custom_padding=&#8221;|||30px|false|false&#8221; custom_css_main_element=&#8221;width: 55%!important;&#8221;][et_pb_text admin_label=&#8221;Text&#8221; _builder_version=&#8221;4.9.2&#8243; text_font=&#8221;||||||||&#8221; text_text_color=&#8221;#2c8f82&#8243; text_font_size=&#8221;26px&#8221; header_font=&#8221;|300|||||||&#8221; custom_margin=&#8221;||8px|||&#8221;]<\/p>\n<p>VIDA &#8211; SIMULA\u00c7\u00c3O<\/p>\n<p>[\/et_pb_text][et_pb_text _builder_version=&#8221;4.9.2&#8243; text_font=&#8221;|600|||||||&#8221; text_line_height=&#8221;1.3em&#8221; custom_margin=&#8221;||5px|||&#8221;]<\/p>\n<p>Simula\u00e7\u00e3o Tranquilidade, para mais informa\u00e7\u00f5es e outras simula\u00e7\u00f5es contacte-nos.<\/p>\n<p>[\/et_pb_text][et_pb_text _builder_version=&#8221;4.9.2&#8243; text_line_height=&#8221;1.4em&#8221; custom_margin=&#8221;13px|||||&#8221; custom_padding=&#8221;||0px|||&#8221;]<\/p>\n<p>O que vai ter \u00e0 sua disposi\u00e7\u00e3o no Seguro Vida Mais Plano Prote\u00e7\u00e3o:<\/p>\n<ul>\n<li>Seguro de vida que protege em caso de situa\u00e7\u00f5es inesperadas composto por diversos planos de prote\u00e7\u00e3o com cobertura de doen\u00e7as graves para adultos a partir dos 18 anos<\/li>\n<li>Apoio financeiro para si e a sua fam\u00edlia em caso de invalidez ou doen\u00e7a grave, que permite garantir estabilidade, sem ficar a depender exclusivamente de terceiros ou de sistemas de prote\u00e7\u00e3o social<\/li>\n<li>Descontos numa rede de servi\u00e7os de bem-estar como homeopatia, acupuntura, nutri\u00e7\u00e3o, spas, gin\u00e1sios, entre outros, em mais de 4 mil prestadores<\/li>\n<li>Em caso de doen\u00e7a grave, apoio financeiro que pode utilizar livremente para despesas extra<\/li>\n<li>Comprar este seguro nunca foi t\u00e3o f\u00e1cil. Avalia\u00e7\u00e3o m\u00e9dica simples, com total confidencialidade<\/li>\n<\/ul>\n<p>[\/et_pb_text][\/et_pb_column][et_pb_column type=&#8221;1_4&#8243; _builder_version=&#8221;4.4.6&#8243; background_enable_color=&#8221;off&#8221; custom_css_main_element=&#8221;width: 15%!important;&#8221;][et_pb_text _builder_version=&#8221;4.9.4&#8243; text_text_color=&#8221;rgba(0,0,0,0.2)&#8221; text_font_size=&#8221;18px&#8221; text_line_height=&#8221;1.2em&#8221; hover_enabled=&#8221;0&#8243; sticky_enabled=&#8221;0&#8243;]<\/p>\n<p style=\"text-align: right;\">FA\u00c7A J\u00c1<br \/>A SUA<br \/>SIMULA\u00c7\u00c3O<br \/>TRANQUILIDADE<br \/>OU<br \/>CONTACTE-NOS<br \/>PARA MAIS OP\u00c7\u00d5ES<\/p>\n<p>[\/et_pb_text][et_pb_button button_text=&#8221;CONTACTE-NOS&#8221; button_alignment=&#8221;right&#8221; _builder_version=&#8221;4.9.4&#8243; custom_button=&#8221;on&#8221; button_text_size=&#8221;15px&#8221; custom_margin=&#8221;20px||||false|false&#8221; custom_padding=&#8221;||||false|false&#8221; hover_enabled=&#8221;0&#8243; button_url=&#8221;@ET-DC@eyJkeW5hbWljIjp0cnVlLCJjb250ZW50IjoicG9zdF9saW5rX3VybF9wYWdlIiwic2V0dGluZ3MiOnsicG9zdF9pZCI6IjYwIn19@&#8221; _dynamic_attributes=&#8221;button_url&#8221; sticky_enabled=&#8221;0&#8243;][\/et_pb_button][\/et_pb_column][\/et_pb_row][et_pb_row column_structure=&#8221;1_4,1_2,1_4&#8243; use_custom_gutter=&#8221;on&#8221; gutter_width=&#8221;1&#8243; make_equal=&#8221;on&#8221; _builder_version=&#8221;4.9.2&#8243; background_enable_image=&#8221;off&#8221; width=&#8221;100%&#8221; custom_padding=&#8221;|50px|8px|50px|false|false&#8221; animation_style=&#8221;fold&#8221; border_width_top=&#8221;2px&#8221; border_color_top=&#8221;rgba(0,0,0,0.24)&#8221;][et_pb_column type=&#8221;1_4&#8243; _builder_version=&#8221;4.9.2&#8243; background_enable_image=&#8221;off&#8221; custom_css_main_element=&#8221;width: 30%!important;&#8221;][\/et_pb_column][et_pb_column type=&#8221;1_2&#8243; _builder_version=&#8221;4.4.6&#8243; background_enable_color=&#8221;off&#8221; custom_padding=&#8221;|||30px|false|false&#8221; custom_css_main_element=&#8221;width: 55%!important;&#8221;][et_pb_text admin_label=&#8221;Text&#8221; _builder_version=&#8221;4.9.2&#8243; text_font=&#8221;||||||||&#8221; text_text_color=&#8221;#2c8f82&#8243; text_font_size=&#8221;26px&#8221; header_font=&#8221;|300|||||||&#8221; custom_margin=&#8221;||8px|||&#8221;]<\/p>\n<p>SIMULA\u00c7\u00c3O VIDA<\/p>\n<p>[\/et_pb_text][\/et_pb_column][et_pb_column type=&#8221;1_4&#8243; _builder_version=&#8221;4.4.6&#8243; background_enable_color=&#8221;off&#8221; custom_css_main_element=&#8221;width: 15%!important;&#8221;][\/et_pb_column][\/et_pb_row][et_pb_row _builder_version=&#8221;4.9.2&#8243; _module_preset=&#8221;default&#8221;][et_pb_column type=&#8221;4_4&#8243; _builder_version=&#8221;4.9.2&#8243; _module_preset=&#8221;default&#8221;][et_pb_code raw_content_tablet=&#8221;&#8221; raw_content_phone=&#8221;&#8221; raw_content_last_edited=&#8221;on|desktop&#8221; _builder_version=&#8221;4.9.2&#8243; _module_preset=&#8221;default&#8221; min_height=&#8221;500px&#8221; custom_margin=&#8221;|auto||auto|false|false&#8221; custom_padding=&#8221;|||0px||&#8221;]<\/p>\n<div style=\"width:100%;  overflow: hidden\"><!-- [et_pb_line_break_holder] --><!-- [et_pb_line_break_holder] --><iframe id=\"frametranquilidadecasa\" src=\"https:\/\/parceiro.vida.worksitetranquilidade.pt\/?ref=catarino-seguros-mediacao-seguros-lda-2\" style=\"width:100%; min-height:1000px; margin-top:-0px; \" title=\"Simulacao\"><\/iframe> <!-- [et_pb_line_break_holder] -->  <\/div>\n<p>[\/et_pb_code][\/et_pb_column][\/et_pb_row][\/et_pb_section]<\/p>\n","protected":false},"excerpt":{"rendered":"<p>PRODUTOSSeguros para particularesVIDA &#8211; SIMULA\u00c7\u00c3OSimula\u00e7\u00e3o Tranquilidade, para mais informa\u00e7\u00f5es e outras simula\u00e7\u00f5es contacte-nos.O que vai ter \u00e0 sua disposi\u00e7\u00e3o no Seguro Vida Mais Plano Prote\u00e7\u00e3o: Seguro de vida que protege em caso de situa\u00e7\u00f5es inesperadas composto por diversos planos de prote\u00e7\u00e3o com cobertura de doen\u00e7as graves para adultos a partir dos 18 anos Apoio financeiro [&hellip;]<\/p>\n","protected":false},"author":1,"featured_media":0,"parent":29366,"menu_order":0,"comment_status":"closed","ping_status":"closed","template":"","meta":{"_et_pb_use_builder":"on","_et_pb_old_content":"","_et_gb_content_width":""},"yoast_head":"<!-- This site is optimized with the Yoast SEO plugin v18.1 - https:\/\/yoast.com\/wordpress\/plugins\/seo\/ -->\n<title>Simula\u00e7\u00e3o Vida - Tranquilidade - Catarinoseguros<\/title>\n<meta name=\"robots\" content=\"index, follow, max-snippet:-1, max-image-preview:large, max-video-preview:-1\" \/>\n<link rel=\"canonical\" href=\"https:\/\/catarinoseguros.pt\/index.php\/produtos-particulares\/simulacao-vida-tranquilidade\/\" \/>\n<meta property=\"og:locale\" content=\"pt_PT\" \/>\n<meta property=\"og:type\" content=\"article\" \/>\n<meta property=\"og:title\" content=\"Simula\u00e7\u00e3o Vida - Tranquilidade - Catarinoseguros\" \/>\n<meta property=\"og:description\" content=\"PRODUTOSSeguros para particularesVIDA - SIMULA\u00c7\u00c3OSimula\u00e7\u00e3o Tranquilidade, para mais informa\u00e7\u00f5es e outras simula\u00e7\u00f5es contacte-nos.O que vai ter \u00e0 sua disposi\u00e7\u00e3o no Seguro Vida Mais Plano Prote\u00e7\u00e3o: Seguro de vida que protege em caso de situa\u00e7\u00f5es inesperadas composto por diversos planos de prote\u00e7\u00e3o com cobertura de doen\u00e7as graves para adultos a partir dos 18 anos Apoio financeiro [&hellip;]\" \/>\n<meta property=\"og:url\" content=\"https:\/\/catarinoseguros.pt\/index.php\/produtos-particulares\/simulacao-vida-tranquilidade\/\" \/>\n<meta property=\"og:site_name\" content=\"Catarinoseguros\" \/>\n<meta property=\"article:modified_time\" content=\"2021-05-24T11:04:10+00:00\" \/>\n<meta name=\"twitter:card\" content=\"summary_large_image\" \/>\n<meta name=\"twitter:label1\" content=\"Tempo estimado de leitura\" \/>\n\t<meta name=\"twitter:data1\" content=\"4 minutos\" \/>\n<script type=\"application\/ld+json\" class=\"yoast-schema-graph\">{\"@context\":\"https:\/\/schema.org\",\"@graph\":[{\"@type\":\"Organization\",\"@id\":\"https:\/\/catarinoseguros.pt\/#organization\",\"name\":\"Catarino Seguros\",\"url\":\"https:\/\/catarinoseguros.pt\/\",\"sameAs\":[],\"logo\":{\"@type\":\"ImageObject\",\"@id\":\"https:\/\/catarinoseguros.pt\/#logo\",\"inLanguage\":\"pt-PT\",\"url\":\"https:\/\/catarinoseguros.pt\/wp-content\/uploads\/2016\/07\/LOGO_CATARINO_2016_horizontal.png\",\"contentUrl\":\"https:\/\/catarinoseguros.pt\/wp-content\/uploads\/2016\/07\/LOGO_CATARINO_2016_horizontal.png\",\"width\":800,\"height\":310,\"caption\":\"Catarino Seguros\"},\"image\":{\"@id\":\"https:\/\/catarinoseguros.pt\/#logo\"}},{\"@type\":\"WebSite\",\"@id\":\"https:\/\/catarinoseguros.pt\/#website\",\"url\":\"https:\/\/catarinoseguros.pt\/\",\"name\":\"Catarinoseguros\",\"description\":\"Seguros \u00e0 sua medida\",\"publisher\":{\"@id\":\"https:\/\/catarinoseguros.pt\/#organization\"},\"potentialAction\":[{\"@type\":\"SearchAction\",\"target\":{\"@type\":\"EntryPoint\",\"urlTemplate\":\"https:\/\/catarinoseguros.pt\/?s={search_term_string}\"},\"query-input\":\"required name=search_term_string\"}],\"inLanguage\":\"pt-PT\"},{\"@type\":\"WebPage\",\"@id\":\"https:\/\/catarinoseguros.pt\/index.php\/produtos-particulares\/simulacao-vida-tranquilidade\/#webpage\",\"url\":\"https:\/\/catarinoseguros.pt\/index.php\/produtos-particulares\/simulacao-vida-tranquilidade\/\",\"name\":\"Simula\u00e7\u00e3o Vida - Tranquilidade - Catarinoseguros\",\"isPartOf\":{\"@id\":\"https:\/\/catarinoseguros.pt\/#website\"},\"datePublished\":\"2021-03-29T09:06:41+00:00\",\"dateModified\":\"2021-05-24T11:04:10+00:00\",\"breadcrumb\":{\"@id\":\"https:\/\/catarinoseguros.pt\/index.php\/produtos-particulares\/simulacao-vida-tranquilidade\/#breadcrumb\"},\"inLanguage\":\"pt-PT\",\"potentialAction\":[{\"@type\":\"ReadAction\",\"target\":[\"https:\/\/catarinoseguros.pt\/index.php\/produtos-particulares\/simulacao-vida-tranquilidade\/\"]}]},{\"@type\":\"BreadcrumbList\",\"@id\":\"https:\/\/catarinoseguros.pt\/index.php\/produtos-particulares\/simulacao-vida-tranquilidade\/#breadcrumb\",\"itemListElement\":[{\"@type\":\"ListItem\",\"position\":1,\"name\":\"Home\",\"item\":\"https:\/\/catarinoseguros.pt\/\"},{\"@type\":\"ListItem\",\"position\":2,\"name\":\"Produtos &#8211; Particulares\",\"item\":\"https:\/\/catarinoseguros.pt\/index.php\/produtos-particulares\/\"},{\"@type\":\"ListItem\",\"position\":3,\"name\":\"Simula\u00e7\u00e3o Vida &#8211; Tranquilidade\"}]}]}<\/script>\n<!-- \/ Yoast SEO plugin. -->","yoast_head_json":{"title":"Simula\u00e7\u00e3o Vida - Tranquilidade - Catarinoseguros","robots":{"index":"index","follow":"follow","max-snippet":"max-snippet:-1","max-image-preview":"max-image-preview:large","max-video-preview":"max-video-preview:-1"},"canonical":"https:\/\/catarinoseguros.pt\/index.php\/produtos-particulares\/simulacao-vida-tranquilidade\/","og_locale":"pt_PT","og_type":"article","og_title":"Simula\u00e7\u00e3o Vida - Tranquilidade - Catarinoseguros","og_description":"PRODUTOSSeguros para particularesVIDA - SIMULA\u00c7\u00c3OSimula\u00e7\u00e3o Tranquilidade, para mais informa\u00e7\u00f5es e outras simula\u00e7\u00f5es contacte-nos.O que vai ter \u00e0 sua disposi\u00e7\u00e3o no Seguro Vida Mais Plano Prote\u00e7\u00e3o: Seguro de vida que protege em caso de situa\u00e7\u00f5es inesperadas composto por diversos planos de prote\u00e7\u00e3o com cobertura de doen\u00e7as graves para adultos a partir dos 18 anos Apoio financeiro [&hellip;]","og_url":"https:\/\/catarinoseguros.pt\/index.php\/produtos-particulares\/simulacao-vida-tranquilidade\/","og_site_name":"Catarinoseguros","article_modified_time":"2021-05-24T11:04:10+00:00","twitter_card":"summary_large_image","twitter_misc":{"Tempo estimado de leitura":"4 minutos"},"schema":{"@context":"https:\/\/schema.org","@graph":[{"@type":"Organization","@id":"https:\/\/catarinoseguros.pt\/#organization","name":"Catarino Seguros","url":"https:\/\/catarinoseguros.pt\/","sameAs":[],"logo":{"@type":"ImageObject","@id":"https:\/\/catarinoseguros.pt\/#logo","inLanguage":"pt-PT","url":"https:\/\/catarinoseguros.pt\/wp-content\/uploads\/2016\/07\/LOGO_CATARINO_2016_horizontal.png","contentUrl":"https:\/\/catarinoseguros.pt\/wp-content\/uploads\/2016\/07\/LOGO_CATARINO_2016_horizontal.png","width":800,"height":310,"caption":"Catarino Seguros"},"image":{"@id":"https:\/\/catarinoseguros.pt\/#logo"}},{"@type":"WebSite","@id":"https:\/\/catarinoseguros.pt\/#website","url":"https:\/\/catarinoseguros.pt\/","name":"Catarinoseguros","description":"Seguros \u00e0 sua medida","publisher":{"@id":"https:\/\/catarinoseguros.pt\/#organization"},"potentialAction":[{"@type":"SearchAction","target":{"@type":"EntryPoint","urlTemplate":"https:\/\/catarinoseguros.pt\/?s={search_term_string}"},"query-input":"required name=search_term_string"}],"inLanguage":"pt-PT"},{"@type":"WebPage","@id":"https:\/\/catarinoseguros.pt\/index.php\/produtos-particulares\/simulacao-vida-tranquilidade\/#webpage","url":"https:\/\/catarinoseguros.pt\/index.php\/produtos-particulares\/simulacao-vida-tranquilidade\/","name":"Simula\u00e7\u00e3o Vida - Tranquilidade - Catarinoseguros","isPartOf":{"@id":"https:\/\/catarinoseguros.pt\/#website"},"datePublished":"2021-03-29T09:06:41+00:00","dateModified":"2021-05-24T11:04:10+00:00","breadcrumb":{"@id":"https:\/\/catarinoseguros.pt\/index.php\/produtos-particulares\/simulacao-vida-tranquilidade\/#breadcrumb"},"inLanguage":"pt-PT","potentialAction":[{"@type":"ReadAction","target":["https:\/\/catarinoseguros.pt\/index.php\/produtos-particulares\/simulacao-vida-tranquilidade\/"]}]},{"@type":"BreadcrumbList","@id":"https:\/\/catarinoseguros.pt\/index.php\/produtos-particulares\/simulacao-vida-tranquilidade\/#breadcrumb","itemListElement":[{"@type":"ListItem","position":1,"name":"Home","item":"https:\/\/catarinoseguros.pt\/"},{"@type":"ListItem","position":2,"name":"Produtos &#8211; Particulares","item":"https:\/\/catarinoseguros.pt\/index.php\/produtos-particulares\/"},{"@type":"ListItem","position":3,"name":"Simula\u00e7\u00e3o Vida &#8211; Tranquilidade"}]}]}},"_links":{"self":[{"href":"https:\/\/catarinoseguros.pt\/index.php\/wp-json\/wp\/v2\/pages\/29599"}],"collection":[{"href":"https:\/\/catarinoseguros.pt\/index.php\/wp-json\/wp\/v2\/pages"}],"about":[{"href":"https:\/\/catarinoseguros.pt\/index.php\/wp-json\/wp\/v2\/types\/page"}],"author":[{"embeddable":true,"href":"https:\/\/catarinoseguros.pt\/index.php\/wp-json\/wp\/v2\/users\/1"}],"replies":[{"embeddable":true,"href":"https:\/\/catarinoseguros.pt\/index.php\/wp-json\/wp\/v2\/comments?post=29599"}],"version-history":[{"count":6,"href":"https:\/\/catarinoseguros.pt\/index.php\/wp-json\/wp\/v2\/pages\/29599\/revisions"}],"predecessor-version":[{"id":29616,"href":"https:\/\/catarinoseguros.pt\/index.php\/wp-json\/wp\/v2\/pages\/29599\/revisions\/29616"}],"up":[{"embeddable":true,"href":"https:\/\/catarinoseguros.pt\/index.php\/wp-json\/wp\/v2\/pages\/29366"}],"wp:attachment":[{"href":"https:\/\/catarinoseguros.pt\/index.php\/wp-json\/wp\/v2\/media?parent=29599"}],"curies":[{"name":"wp","href":"https:\/\/api.w.org\/{rel}","templated":true}]}}