
{"id":29388,"date":"2020-05-11T02:43:46","date_gmt":"2020-05-11T02:43:46","guid":{"rendered":"https:\/\/catarinoseguros.pt\/?page_id=29388"},"modified":"2022-06-01T14:39:00","modified_gmt":"2022-06-01T14:39:00","slug":"informacao-legal","status":"publish","type":"page","link":"https:\/\/catarinoseguros.pt\/index.php\/informacao-legal\/","title":{"rendered":"Informa\u00e7\u00e3o Legal"},"content":{"rendered":"<p>[et_pb_section fb_built=&#8221;1&#8243; _builder_version=&#8221;4.16&#8243; background_color=&#8221;#2c8f82&#8243; background_color_gradient_direction=&#8221;73deg&#8221; custom_margin=&#8221;-15px||||false|false&#8221; custom_padding=&#8221;20px||40px||false|false&#8221; border_color_top=&#8221;#7cda24&#8243; global_colors_info=&#8221;{}&#8221;][et_pb_row use_custom_gutter=&#8221;on&#8221; gutter_width=&#8221;1&#8243; make_equal=&#8221;on&#8221; _builder_version=&#8221;4.16&#8243; background_enable_image=&#8221;off&#8221; width=&#8221;100%&#8221; custom_margin=&#8221;0px||0px||false|false&#8221; custom_padding=&#8221;10px|50px|10px|50px|false|false&#8221; animation_style=&#8221;fold&#8221; border_color_top=&#8221;rgba(0,0,0,0.24)&#8221; global_colors_info=&#8221;{}&#8221;][et_pb_column type=&#8221;4_4&#8243; _builder_version=&#8221;4.16&#8243; background_enable_image=&#8221;off&#8221; global_colors_info=&#8221;{}&#8221;][et_pb_text _builder_version=&#8221;4.17.3&#8243; text_font=&#8221;|300|||||||&#8221; text_text_color=&#8221;#ffffff&#8221; text_font_size=&#8221;36px&#8221; global_colors_info=&#8221;{}&#8221;]INFORMA\u00c7\u00c3O LEGAL[\/et_pb_text][\/et_pb_column][\/et_pb_row][\/et_pb_section][et_pb_section fb_built=&#8221;1&#8243; _builder_version=&#8221;4.16&#8243; background_color=&#8221;#2c8f82&#8243; background_color_gradient_direction=&#8221;73deg&#8221; background_image=&#8221;https:\/\/catarinoseguros.pt\/wp-content\/uploads\/2020\/05\/computador_g_1400.jpg&#8221; parallax=&#8221;on&#8221; parallax_method=&#8221;off&#8221; min_height=&#8221;220px&#8221; custom_margin=&#8221;-15px||||false|false&#8221; custom_padding=&#8221;20px||0px||false|false&#8221; border_color_top=&#8221;#7cda24&#8243; global_colors_info=&#8221;{}&#8221;][et_pb_row use_custom_gutter=&#8221;on&#8221; gutter_width=&#8221;1&#8243; make_equal=&#8221;on&#8221; _builder_version=&#8221;4.16&#8243; background_enable_image=&#8221;off&#8221; width=&#8221;100%&#8221; custom_margin=&#8221;0px||0px||false|false&#8221; custom_padding=&#8221;60px|50px|10px|50px|false|false&#8221; animation_style=&#8221;fold&#8221; border_color_top=&#8221;rgba(0,0,0,0.24)&#8221; global_colors_info=&#8221;{}&#8221;][et_pb_column type=&#8221;4_4&#8243; _builder_version=&#8221;4.16&#8243; background_enable_image=&#8221;off&#8221; global_colors_info=&#8221;{}&#8221;][et_pb_text _builder_version=&#8221;4.16&#8243; text_font=&#8221;|300|||||||&#8221; text_text_color=&#8221;#ffffff&#8221; text_font_size=&#8221;36px&#8221; global_colors_info=&#8221;{}&#8221;]<\/p>\n<p><span>CATARINO SEGUROS \u2013 Media\u00e7\u00e3o de Seguros, Lda.<\/span><\/p>\n<p>[\/et_pb_text][\/et_pb_column][\/et_pb_row][\/et_pb_section][et_pb_section fb_built=&#8221;1&#8243; fullwidth=&#8221;on&#8221; _builder_version=&#8221;4.16&#8243; global_colors_info=&#8221;{}&#8221;][\/et_pb_section][et_pb_section fb_built=&#8221;1&#8243; _builder_version=&#8221;4.16&#8243; background_enable_color=&#8221;off&#8221; background_color_gradient_direction=&#8221;73deg&#8221; min_height=&#8221;302px&#8221; custom_margin=&#8221;3px|||||&#8221; custom_padding=&#8221;13px||11px|||&#8221; border_color_top=&#8221;#7cda24&#8243; global_colors_info=&#8221;{}&#8221;][et_pb_row _builder_version=&#8221;4.16&#8243; custom_padding=&#8221;|||50px|false|false&#8221; global_colors_info=&#8221;{}&#8221;][et_pb_column type=&#8221;4_4&#8243; _builder_version=&#8221;4.16&#8243; global_colors_info=&#8221;{}&#8221;][et_pb_text _builder_version=&#8221;4.17.3&#8243; text_font=&#8221;|300|||||||&#8221; text_text_color=&#8221;#ffffff&#8221; text_font_size=&#8221;20px&#8221; global_colors_info=&#8221;{}&#8221;]<a href=\"#infolegal\">\u2022 INFORMA\u00c7\u00c3O LEGAL<\/a><br \/>\n<a href=\"#financeiro\">\u2022 RELATO FINANCEIRO<\/a><br \/>\n<a href=\"#documentos\">\u2022 OUTROS DOCUMENTOS<\/a>[\/et_pb_text][et_pb_text module_id=&#8221;infolegal&#8221; _builder_version=&#8221;4.17.3&#8243; global_colors_info=&#8221;{}&#8221;]<\/p>\n<hr size=\"1\" width=\"100%\" \/>\n<p>&nbsp;<\/p>\n<p><span style=\"font-size: 18pt;\">INFORMA\u00c7\u00c3O LEGAL<\/span><br \/><a style=\"font-size: 16px;\" href=\"https:\/\/catarinoseguros.pt\/wp-content\/uploads\/2020\/05\/Informa\u00e7\u00e3o-Legal-CATARINO-SEGUROS.pdf\" target=\"_blank\" rel=\"attachment noopener wp-att-29183\">Informa\u00e7\u00e3o Legal &#8211; CATARINO SEGUROS (Download PDF)<\/a><br \/>[Art.\u00ba 32 do Decreto-Lei n\u00ba 144\/2006 de 31 de Julho]<\/p>\n<p>[\/et_pb_text][et_pb_text _builder_version=&#8221;4.17.3&#8243; global_colors_info=&#8221;{}&#8221;]<\/p>\n<p><strong><br \/>IDENTIDADE<\/strong><\/p>\n<p>CATARINO SEGUROS &#8211; Media\u00e7\u00e3o de Seguros, Lda.<br \/>\u2022 Av. Dom Francisco de Almeida, n\u00ba 11-r\/c, 2710-562 Sintra<br \/>\u00a0 Tel.: 21 923 94 80 &#8211; Fax: 21 923 94 89<br \/>\u00a0 E-Mail: geral@catarinoseguros.pt<br \/>\u00a0 WebPage: www.catarinoseguros.pt<br \/>\u2022 NIPC: 503 027 170<br \/>\u2022 Capital\u00a0 Social:\u00a0 25.000,00\u00a0 \u20ac\u00a0 \/\u00a0 Conservat\u00f3ria\u00a0 do\u00a0 Registo Comercial de Cascais n\u00ba 8143\/Sintra.<br \/>\u2022 Seguro de Responsabilidade Civil Profissional: Ap\u00f3lice n\u00ba 23050006 &#8211; AIG, com o capital de 1.875.927,00 \u20ac.<br \/>\u2022 Associado\u00a0 APROSE\u00a0 n\u00ba\u00a0 234\u00a0 &#8211;\u00a0 Associa\u00e7\u00e3o\u00a0 Portuguesa\u00a0 dos Produtores Profissionais de Seguros.<\/p>\n<p>&nbsp;<\/p>\n<p><strong>CATEGORIA DO MEDIADOR E N\u00ba DE REGISTO<\/strong><\/p>\n<p>O Mediador devidamente autorizado pela Autoridade de Supervis\u00e3o de Seguros e Fundos de Pens\u00f5es a comercializar seguros dos Ramos Vida e N\u00e3o Vida, tendo sido registado com o n\u00ba 2007302, na qualidade de Agente de Seguros.<\/p>\n<p>&nbsp;<\/p>\n<p><strong>PARTICIPA\u00c7\u00d5ES SOCIAIS<\/strong><\/p>\n<p>Mediador n\u00e3o possui participa\u00e7\u00f5es sociais no Capital de quaisquer Empresas de Seguros.<\/p>\n<p>&nbsp;<\/p>\n<p><strong>EMPRESAS DE SEGUROS COM AS QUAIS EST\u00c1 AUTORIZADO A TRABALHAR<\/strong><\/p>\n<p>A\u00e7oreana, Ageas, AIG, Allianz, Arag, Fidelidade, Generali, Lusit\u00e2nia, Mapfre, Real Vida, Tranquilidade, T-Vida, Victoria, Zurich e outras com quem venha a assinar Contrato de Media\u00e7\u00e3o.<\/p>\n<p>&nbsp;<\/p>\n<p><strong>COBRAN\u00c7A DE PR\u00c9MIOS<\/strong><\/p>\n<p>O Mediador est\u00e1 autorizado a receber pr\u00e9mios ou somas destinadas \u00e0s Empresas de Seguros com as quais trabalha e\/ou aos Tomadores de Seguros.<\/p>\n<p>&nbsp;<\/p>\n<p><strong>INTERVEN\u00c7\u00c3O DO MEDIADOR NOS CONTRATOS DE SEGURO<\/strong><\/p>\n<p>A interven\u00e7\u00e3o do Mediador consiste no aconselhamento dos Clientes em\u00a0 mat\u00e9ria dos Seguros de Vida e de N\u00e3o Vida, procurando corresponder com a oferta e solu\u00e7\u00f5es de seguros que comercializa, \u00e0s necessidades dos seus Clientes, bem como na assist\u00eancia do Cliente, ao longo da vida do Contrato de\u00a0 \u00a0Seguro,\u00a0 \u00a0 nomeadamente\u00a0 \u00a0atrav\u00e9s\u00a0 \u00a0da\u00a0 \u00a0presta\u00e7\u00e3o\u00a0 de\u00a0esclarecimentos e resolu\u00e7\u00e3o de reclama\u00e7\u00f5es, sendo contudo, \u00a0do Cliente, a responsabilidade final de escolha dos produtos oferecidos.<\/p>\n<p>&nbsp;<\/p>\n<p><strong>PEDIDOS DE INFORMA\u00c7\u00c3O<\/strong><\/p>\n<p>O Cliente\u00a0 tem direito a solicitar\u00a0 informa\u00e7\u00e3o\u00a0 sobre\u00a0 as renumera\u00e7\u00f5es auferidas, pela presta\u00e7\u00e3o do Servi\u00e7o de Media\u00e7\u00e3o.<\/p>\n<p>&nbsp;<\/p>\n<p><strong>RECLAMA\u00c7\u00d5ES<\/strong><\/p>\n<p>Qualquer reclama\u00e7\u00e3o dos Tomadores de Seguros ou outras partes interessadas nos Contratos de Seguros em que\u00a0 o Mediador presta assist\u00eancia, ser\u00e3o endere\u00e7adas \u00e0 Autoridade de Supervis\u00e3o de Seguros e Fundos de Pens\u00f5es.<\/p>\n<p>&nbsp;<\/p>\n<p><strong>RESOLU\u00c7\u00c3O EXTRAJUDICIAL DE LIT\u00cdGIOS<\/strong><\/p>\n<p>Sem preju\u00edzo da possibilidade de recurso aos Tribunais Judiciais, em\u00a0 caso\u00a0 de\u00a0 lit\u00edgio\u00a0 emergente\u00a0 da\u00a0 atividade\u00a0 de\u00a0 Media\u00e7\u00e3o,\u00a0 os Tomadores de Seguros e outras partes interessadas, no Contrato de\u00a0 \u00a0Seguro,\u00a0 \u00a0podem\u00a0 \u00a0recorrer\u00a0 \u00a0aos\u00a0 \u00a0organismos\u00a0 \u00a0de\u00a0 \u00a0resolu\u00e7\u00e3o extrajudicial que, para o efeito, venham a ser criados.<\/p>\n<p>&nbsp;<\/p>\n<p><strong>DEFINI\u00c7\u00c3O DE AGENTES DE SEGUROS<\/strong><\/p>\n<p>Informa-se, por ultimo, que o Decreto-lei n\u00ba 144\/2006 de 31 de Julho &#8211; diploma que estabelece o regime jur\u00eddico do acesso e do exerc\u00edcio da atividade de Media\u00e7\u00e3o de Seguros ou de resseguros- define o \u00abagente de seguros\u00bb, nos termos da al\u00ednea b) do artigo 8\u00ba, como a categoria em que a pessoa, singular ou coletiva, exerce a atividade de Media\u00e7\u00e3o de Seguros em nome e por conta de uma ou mais empresas de seguros ou de outro mediador de seguros, nos termos do ou dos contratos que celebre com essas entidades.<\/p>\n<p>&nbsp;<\/p>\n<p>O MEDIADOR DE SEGUROS<\/p>\n<p>Valentim Luiz Catarino<br \/><em>(O T\u00e9cnico Respons\u00e1vel pela actividade da Media\u00e7\u00e3o de Seguros)<\/em><\/p>\n<p>&nbsp;<\/p>\n<p>&nbsp;<\/p>\n<p>[\/et_pb_text][et_pb_text module_id=&#8221;financeiro&#8221; _builder_version=&#8221;4.17.3&#8243; hover_enabled=&#8221;0&#8243; global_colors_info=&#8221;{}&#8221; sticky_enabled=&#8221;0&#8243;]<\/p>\n<hr width=\"100%\" size=\"1\" \/>\n<p>&nbsp;<\/p>\n<p><span style=\"font-size: 18pt;\">RELATO FINANCEIRO<\/span><\/p>\n<p><strong>Relato Financeiro \u2013 Documentos de presta\u00e7\u00e3o de contas anuais<\/strong><br \/>\n(Nos termos do artigo 55.\u00ba, da Norma Regulamentar n.\u00ba 13\/2020-R, de 30 de Dezembro, da Autoridade de Supervis\u00e3o de Seguros e Fundos de Pens\u00f5es (ASF), conjugado com o n.\u00ba 1, do artigo 24.\u00ba, do regime jur\u00eddico da distribui\u00e7\u00e3o de seguros (RJDS) aprovado em anexo \u00e0 Lei n.\u00ba 7\/2019, de 16 de Janeiro, vulgo \u00abLei da Distribui\u00e7\u00e3o de Seguros\u00bb)<\/p>\n<p>&gt; <a href=\"https:\/\/catarinoseguros.pt\/wp-content\/uploads\/2022\/05\/2017-Balanco-e-DR.pdf\" target=\"_blank\" rel=\"noopener\">2017<\/a><br \/>\n&gt; <a href=\"https:\/\/catarinoseguros.pt\/wp-content\/uploads\/2022\/05\/2018-Balanco-e-DR.pdf\" target=\"_blank\" rel=\"noopener\">2018<\/a><br \/>\n&gt; <a href=\"https:\/\/catarinoseguros.pt\/wp-content\/uploads\/2022\/05\/2019-Balanco-e-DR.pdf\" target=\"_blank\" rel=\"noopener\">2019<\/a><br \/>\n&gt; <a href=\"https:\/\/catarinoseguros.pt\/wp-content\/uploads\/2022\/05\/2020-Balanco-e-DR.pdf\" target=\"_blank\" rel=\"noopener\">2020<\/a><br \/>\n&gt; <a href=\"https:\/\/catarinoseguros.pt\/wp-content\/uploads\/2022\/06\/2021-Balanco-e-DR.pdf\" target=\"_blank\" rel=\"noopener\">2021<\/a><\/p>\n<p>&nbsp;[\/et_pb_text][et_pb_text module_id=&#8221;documentos&#8221; _builder_version=&#8221;4.17.3&#8243; hover_enabled=&#8221;0&#8243; border_color_top=&#8221;#000000&#8243; global_colors_info=&#8221;{}&#8221; sticky_enabled=&#8221;0&#8243;]<\/p>\n<hr size=\"1\" width=\"100%\" \/>\n<p>&nbsp;<\/p>\n<p><span style=\"font-size: 18pt;\">OUTROS DOCUMENTOS<\/span><\/p>\n<p><a href=\"https:\/\/catarinoseguros.pt\/wp-content\/uploads\/2020\/05\/Informa\u00e7\u00e3o-Legal-CATARINO-SEGUROS.pdf\" target=\"_blank\" rel=\"attachment noopener wp-att-29183\">Informa\u00e7\u00e3o Legal &#8211; CATARINO SEGUROS (Download PDF)<\/a><\/p>\n<p><a href=\"https:\/\/catarinoseguros.pt\/wp-content\/uploads\/2020\/05\/RC-Profissional-2016_Certificado-de-Seguro.pdf\" target=\"_blank\" rel=\"attachment noopener wp-att-29458\">RC Profissional-2016_Certificado de Seguro (Download PDF)<\/a><\/p>\n<p><a href=\"https:\/\/catarinoseguros.pt\/wp-content\/uploads\/2020\/05\/ISP-Certificado-de-Registo-de-Mediador-de-Seguros.pdf\" target=\"_blank\" rel=\"attachment noopener wp-att-29457\">ISP-Certificado de Registo de Mediador de Seguros (Download PDF)<\/a><\/p>\n<p><a href=\"https:\/\/catarinoseguros.pt\/wp-content\/uploads\/2020\/05\/Cart\u00e3o-Pessoa-Colectiva-CS.pdf\" target=\"_blank\" rel=\"attachment noopener wp-att-29459\">Cart\u00e3o Pessoa Colectiva &#8211; CS (Download PDF)<\/a><\/p>\n<p><a href=\"https:\/\/catarinoseguros.pt\/wp-content\/uploads\/2020\/05\/IAPMEI_CertificadoPME2014.pdf\" target=\"_blank\" rel=\"attachment noopener wp-att-29455\">IAPMEI_CertificadoPME2014 (Download PDF)<\/a><\/p>\n<p>&nbsp;<\/p>\n<p>&nbsp;<\/p>\n<p>[\/et_pb_text][\/et_pb_column][\/et_pb_row][\/et_pb_section]<\/p>\n","protected":false},"excerpt":{"rendered":"<p>INFORMA\u00c7\u00c3O LEGALCATARINO SEGUROS \u2013 Media\u00e7\u00e3o de Seguros, Lda.\u2022 INFORMA\u00c7\u00c3O LEGAL \u2022 RELATO FINANCEIRO \u2022 OUTROS DOCUMENTOS &nbsp; INFORMA\u00c7\u00c3O LEGALInforma\u00e7\u00e3o Legal &#8211; CATARINO SEGUROS (Download PDF)[Art.\u00ba 32 do Decreto-Lei n\u00ba 144\/2006 de 31 de Julho]IDENTIDADE CATARINO SEGUROS &#8211; Media\u00e7\u00e3o de Seguros, Lda.\u2022 Av. Dom Francisco de Almeida, n\u00ba 11-r\/c, 2710-562 Sintra\u00a0 Tel.: 21 923 94 80 [&hellip;]<\/p>\n","protected":false},"author":1,"featured_media":0,"parent":0,"menu_order":0,"comment_status":"closed","ping_status":"closed","template":"","meta":{"_et_pb_use_builder":"on","_et_pb_old_content":"<!-- wp:html -->\r\n<div class=\"contnewsnodot\">\r\n<h1>Tipos de Seguros<\/h1>\r\n<\/div>\r\n<div id=\"contnewsleftcol\">De uma forma simplificada foi definida uma tipologia para os diferentes tipos de seguros (Ramos), quer eles se tratem de particulares ou colectivos, atrav\u00e9s Solu\u00e7\u00f5es Individuais ou Empresariais, em\u00a0dois grandes grupos:\r\n<p>\u00a0<\/p>\r\n<\/div>\r\n<div id=\"contleftcol\">\r\n<div class=\"contnews\">\r\n<table border=\"0\" width=\"100%\" cellspacing=\"0\" cellpadding=\"0\">\r\n<tbody>\r\n<tr>\r\n<td class=\"tlgrad3\" width=\"5\">\u00a0<\/td>\r\n<td class=\"gradbgtop3\" width=\"254\">Ramo Vida<\/td>\r\n<td class=\"trgrad3\" width=\"1\">\u00a0<\/td>\r\n<\/tr>\r\n<tr bgcolor=\"#C5E399\">\r\n<td>\u00a0<\/td>\r\n<td>\r\n<div class=\"contdestaque\">\r\n<div class=\"homenewstxtRAMOS\"><strong><span style=\"color: #006633;\"><br \/>CL\u00c1SSICO:<\/span><\/strong>\r\n<p>\u00a0<\/p>\r\n<ul>\r\n<li>Seguros em caso de Morte<\/li>\r\n<li>Seguros em caso de Vida<\/li>\r\n<li>Seguros Mistos<\/li>\r\n<\/ul>\r\n<p><strong><span style=\"color: #006633;\">PRODUTOS FINANCEIROS:<\/span><\/strong><\/p>\r\n<ul>\r\n<li>Seguros de Capitaliza\u00e7\u00e3o<\/li>\r\n<li>Seguros de Conta Poupan\u00e7a<\/li>\r\n<li>Seguros Complementares de Reforma<\/li>\r\n<li>Planos Poupan\u00e7a Reforma (PPR)<\/li>\r\n<\/ul>\r\n<\/div>\r\n<\/div>\r\n<\/td>\r\n<td>\u00a0<\/td>\r\n<\/tr>\r\n<tr>\r\n<td class=\"blgrad\">\u00a0<\/td>\r\n<td class=\"gradbgbottom\">\u00a0<\/td>\r\n<td class=\"brgrad\">\u00a0<\/td>\r\n<\/tr>\r\n<\/tbody>\r\n<\/table>\r\n<\/div>\r\n<\/div>\r\n<div id=\"contrightcol\">\r\n<div class=\"contnews\">\r\n<table border=\"0\" width=\"100%\" cellspacing=\"0\" cellpadding=\"0\">\r\n<tbody>\r\n<tr>\r\n<td class=\"tlgrad3\" width=\"1\">\u00a0<\/td>\r\n<td class=\"gradbgtop3\" width=\"252\">Ramo N\u00e3o Vida<\/td>\r\n<td class=\"trgrad3\" width=\"7\">\u00a0<\/td>\r\n<\/tr>\r\n<tr bgcolor=\"#C5E399\">\r\n<td>\u00a0<\/td>\r\n<td>\r\n<div class=\"contdestaque\">\r\n<div class=\"homenewstxtRAMOS\"><strong><span style=\"color: #006633;\"><br \/>PATRIMONIAIS:<\/span><\/strong>\r\n<p>\u00a0<\/p>\r\n<ul>\r\n<li>Seguros Multi-Riscos sobre bens<\/li>\r\n<li>Seguros de Inc\u00eandio<\/li>\r\n<li>Seguros de Roubo<\/li>\r\n<li>Seguros de Autom\u00f3veis<\/li>\r\n<li>Seguros Agr\u00edcolas<\/li>\r\n<li>Outros<\/li>\r\n<\/ul>\r\n<p><strong><span style=\"color: #006633;\">N\u00c3O PATRIMONIAIS:<\/span><\/strong><\/p>\r\n<ul>\r\n<li>Seguros de Acidentes de Trabalho<\/li>\r\n<li>Seguros de Acidentes Pessoais<\/li>\r\n<li>Seguros de Responsabilidade Civil<\/li>\r\n<li>Seguros de Sa\u00fade<\/li>\r\n<li>Outros<\/li>\r\n<\/ul>\r\n<\/div>\r\n<\/div>\r\n<\/td>\r\n<\/tr>\r\n<\/tbody>\r\n<\/table>\r\n<\/div>\r\n<\/div>\r\n<p>\u00a0<\/p>\r\n<!-- \/wp:html -->","_et_gb_content_width":""},"yoast_head":"<!-- This site is optimized with the Yoast SEO plugin v18.1 - https:\/\/yoast.com\/wordpress\/plugins\/seo\/ -->\n<title>Informa\u00e7\u00e3o Legal - Catarinoseguros<\/title>\n<meta name=\"robots\" content=\"index, follow, max-snippet:-1, max-image-preview:large, max-video-preview:-1\" \/>\n<link rel=\"canonical\" href=\"https:\/\/catarinoseguros.pt\/index.php\/informacao-legal\/\" \/>\n<meta property=\"og:locale\" content=\"pt_PT\" \/>\n<meta property=\"og:type\" content=\"article\" \/>\n<meta property=\"og:title\" content=\"Informa\u00e7\u00e3o Legal - Catarinoseguros\" \/>\n<meta property=\"og:description\" content=\"INFORMA\u00c7\u00c3O LEGALCATARINO SEGUROS \u2013 Media\u00e7\u00e3o de Seguros, Lda.\u2022 INFORMA\u00c7\u00c3O LEGAL \u2022 RELATO FINANCEIRO \u2022 OUTROS DOCUMENTOS &nbsp; INFORMA\u00c7\u00c3O LEGALInforma\u00e7\u00e3o Legal - CATARINO SEGUROS (Download PDF)[Art.\u00ba 32 do Decreto-Lei n\u00ba 144\/2006 de 31 de Julho]IDENTIDADE CATARINO SEGUROS - Media\u00e7\u00e3o de Seguros, Lda.\u2022 Av. Dom Francisco de Almeida, n\u00ba 11-r\/c, 2710-562 Sintra\u00a0 Tel.: 21 923 94 80 [&hellip;]\" \/>\n<meta property=\"og:url\" content=\"https:\/\/catarinoseguros.pt\/index.php\/informacao-legal\/\" \/>\n<meta property=\"og:site_name\" content=\"Catarinoseguros\" \/>\n<meta property=\"article:modified_time\" content=\"2022-06-01T14:39:00+00:00\" \/>\n<meta name=\"twitter:card\" content=\"summary_large_image\" \/>\n<meta name=\"twitter:label1\" content=\"Tempo estimado de leitura\" \/>\n\t<meta name=\"twitter:data1\" content=\"6 minutos\" \/>\n<script type=\"application\/ld+json\" class=\"yoast-schema-graph\">{\"@context\":\"https:\/\/schema.org\",\"@graph\":[{\"@type\":\"Organization\",\"@id\":\"https:\/\/catarinoseguros.pt\/#organization\",\"name\":\"Catarino Seguros\",\"url\":\"https:\/\/catarinoseguros.pt\/\",\"sameAs\":[],\"logo\":{\"@type\":\"ImageObject\",\"@id\":\"https:\/\/catarinoseguros.pt\/#logo\",\"inLanguage\":\"pt-PT\",\"url\":\"https:\/\/catarinoseguros.pt\/wp-content\/uploads\/2016\/07\/LOGO_CATARINO_2016_horizontal.png\",\"contentUrl\":\"https:\/\/catarinoseguros.pt\/wp-content\/uploads\/2016\/07\/LOGO_CATARINO_2016_horizontal.png\",\"width\":800,\"height\":310,\"caption\":\"Catarino Seguros\"},\"image\":{\"@id\":\"https:\/\/catarinoseguros.pt\/#logo\"}},{\"@type\":\"WebSite\",\"@id\":\"https:\/\/catarinoseguros.pt\/#website\",\"url\":\"https:\/\/catarinoseguros.pt\/\",\"name\":\"Catarinoseguros\",\"description\":\"Seguros \u00e0 sua medida\",\"publisher\":{\"@id\":\"https:\/\/catarinoseguros.pt\/#organization\"},\"potentialAction\":[{\"@type\":\"SearchAction\",\"target\":{\"@type\":\"EntryPoint\",\"urlTemplate\":\"https:\/\/catarinoseguros.pt\/?s={search_term_string}\"},\"query-input\":\"required name=search_term_string\"}],\"inLanguage\":\"pt-PT\"},{\"@type\":\"WebPage\",\"@id\":\"https:\/\/catarinoseguros.pt\/index.php\/informacao-legal\/#webpage\",\"url\":\"https:\/\/catarinoseguros.pt\/index.php\/informacao-legal\/\",\"name\":\"Informa\u00e7\u00e3o Legal - Catarinoseguros\",\"isPartOf\":{\"@id\":\"https:\/\/catarinoseguros.pt\/#website\"},\"datePublished\":\"2020-05-11T02:43:46+00:00\",\"dateModified\":\"2022-06-01T14:39:00+00:00\",\"breadcrumb\":{\"@id\":\"https:\/\/catarinoseguros.pt\/index.php\/informacao-legal\/#breadcrumb\"},\"inLanguage\":\"pt-PT\",\"potentialAction\":[{\"@type\":\"ReadAction\",\"target\":[\"https:\/\/catarinoseguros.pt\/index.php\/informacao-legal\/\"]}]},{\"@type\":\"BreadcrumbList\",\"@id\":\"https:\/\/catarinoseguros.pt\/index.php\/informacao-legal\/#breadcrumb\",\"itemListElement\":[{\"@type\":\"ListItem\",\"position\":1,\"name\":\"Home\",\"item\":\"https:\/\/catarinoseguros.pt\/\"},{\"@type\":\"ListItem\",\"position\":2,\"name\":\"Informa\u00e7\u00e3o Legal\"}]}]}<\/script>\n<!-- \/ Yoast SEO plugin. -->","yoast_head_json":{"title":"Informa\u00e7\u00e3o Legal - Catarinoseguros","robots":{"index":"index","follow":"follow","max-snippet":"max-snippet:-1","max-image-preview":"max-image-preview:large","max-video-preview":"max-video-preview:-1"},"canonical":"https:\/\/catarinoseguros.pt\/index.php\/informacao-legal\/","og_locale":"pt_PT","og_type":"article","og_title":"Informa\u00e7\u00e3o Legal - Catarinoseguros","og_description":"INFORMA\u00c7\u00c3O LEGALCATARINO SEGUROS \u2013 Media\u00e7\u00e3o de Seguros, Lda.\u2022 INFORMA\u00c7\u00c3O LEGAL \u2022 RELATO FINANCEIRO \u2022 OUTROS DOCUMENTOS &nbsp; INFORMA\u00c7\u00c3O LEGALInforma\u00e7\u00e3o Legal - CATARINO SEGUROS (Download PDF)[Art.\u00ba 32 do Decreto-Lei n\u00ba 144\/2006 de 31 de Julho]IDENTIDADE CATARINO SEGUROS - Media\u00e7\u00e3o de Seguros, Lda.\u2022 Av. Dom Francisco de Almeida, n\u00ba 11-r\/c, 2710-562 Sintra\u00a0 Tel.: 21 923 94 80 [&hellip;]","og_url":"https:\/\/catarinoseguros.pt\/index.php\/informacao-legal\/","og_site_name":"Catarinoseguros","article_modified_time":"2022-06-01T14:39:00+00:00","twitter_card":"summary_large_image","twitter_misc":{"Tempo estimado de leitura":"6 minutos"},"schema":{"@context":"https:\/\/schema.org","@graph":[{"@type":"Organization","@id":"https:\/\/catarinoseguros.pt\/#organization","name":"Catarino Seguros","url":"https:\/\/catarinoseguros.pt\/","sameAs":[],"logo":{"@type":"ImageObject","@id":"https:\/\/catarinoseguros.pt\/#logo","inLanguage":"pt-PT","url":"https:\/\/catarinoseguros.pt\/wp-content\/uploads\/2016\/07\/LOGO_CATARINO_2016_horizontal.png","contentUrl":"https:\/\/catarinoseguros.pt\/wp-content\/uploads\/2016\/07\/LOGO_CATARINO_2016_horizontal.png","width":800,"height":310,"caption":"Catarino Seguros"},"image":{"@id":"https:\/\/catarinoseguros.pt\/#logo"}},{"@type":"WebSite","@id":"https:\/\/catarinoseguros.pt\/#website","url":"https:\/\/catarinoseguros.pt\/","name":"Catarinoseguros","description":"Seguros \u00e0 sua medida","publisher":{"@id":"https:\/\/catarinoseguros.pt\/#organization"},"potentialAction":[{"@type":"SearchAction","target":{"@type":"EntryPoint","urlTemplate":"https:\/\/catarinoseguros.pt\/?s={search_term_string}"},"query-input":"required name=search_term_string"}],"inLanguage":"pt-PT"},{"@type":"WebPage","@id":"https:\/\/catarinoseguros.pt\/index.php\/informacao-legal\/#webpage","url":"https:\/\/catarinoseguros.pt\/index.php\/informacao-legal\/","name":"Informa\u00e7\u00e3o Legal - Catarinoseguros","isPartOf":{"@id":"https:\/\/catarinoseguros.pt\/#website"},"datePublished":"2020-05-11T02:43:46+00:00","dateModified":"2022-06-01T14:39:00+00:00","breadcrumb":{"@id":"https:\/\/catarinoseguros.pt\/index.php\/informacao-legal\/#breadcrumb"},"inLanguage":"pt-PT","potentialAction":[{"@type":"ReadAction","target":["https:\/\/catarinoseguros.pt\/index.php\/informacao-legal\/"]}]},{"@type":"BreadcrumbList","@id":"https:\/\/catarinoseguros.pt\/index.php\/informacao-legal\/#breadcrumb","itemListElement":[{"@type":"ListItem","position":1,"name":"Home","item":"https:\/\/catarinoseguros.pt\/"},{"@type":"ListItem","position":2,"name":"Informa\u00e7\u00e3o Legal"}]}]}},"_links":{"self":[{"href":"https:\/\/catarinoseguros.pt\/index.php\/wp-json\/wp\/v2\/pages\/29388"}],"collection":[{"href":"https:\/\/catarinoseguros.pt\/index.php\/wp-json\/wp\/v2\/pages"}],"about":[{"href":"https:\/\/catarinoseguros.pt\/index.php\/wp-json\/wp\/v2\/types\/page"}],"author":[{"embeddable":true,"href":"https:\/\/catarinoseguros.pt\/index.php\/wp-json\/wp\/v2\/users\/1"}],"replies":[{"embeddable":true,"href":"https:\/\/catarinoseguros.pt\/index.php\/wp-json\/wp\/v2\/comments?post=29388"}],"version-history":[{"count":33,"href":"https:\/\/catarinoseguros.pt\/index.php\/wp-json\/wp\/v2\/pages\/29388\/revisions"}],"predecessor-version":[{"id":29697,"href":"https:\/\/catarinoseguros.pt\/index.php\/wp-json\/wp\/v2\/pages\/29388\/revisions\/29697"}],"wp:attachment":[{"href":"https:\/\/catarinoseguros.pt\/index.php\/wp-json\/wp\/v2\/media?parent=29388"}],"curies":[{"name":"wp","href":"https:\/\/api.w.org\/{rel}","templated":true}]}}