
{"id":127,"date":"2016-09-06T11:38:46","date_gmt":"2016-09-06T11:38:46","guid":{"rendered":"http:\/\/catarinoseguros.pt\/PT\/?page_id=127"},"modified":"2020-05-11T11:56:31","modified_gmt":"2020-05-11T11:56:31","slug":"servicos","status":"publish","type":"page","link":"https:\/\/catarinoseguros.pt\/index.php\/servicos\/","title":{"rendered":"Servi\u00e7os"},"content":{"rendered":"<p>[et_pb_section fb_built=&#8221;1&#8243; _builder_version=&#8221;4.4.6&#8243; background_color=&#8221;#2c8f82&#8243; background_color_gradient_direction=&#8221;73deg&#8221; custom_margin=&#8221;-15px||||false|false&#8221; custom_padding=&#8221;20px||40px||false|false&#8221; border_color_top=&#8221;#7cda24&#8243;][et_pb_row use_custom_gutter=&#8221;on&#8221; gutter_width=&#8221;1&#8243; make_equal=&#8221;on&#8221; _builder_version=&#8221;4.4.6&#8243; background_enable_image=&#8221;off&#8221; width=&#8221;100%&#8221; custom_margin=&#8221;0px||0px||false|false&#8221; custom_padding=&#8221;10px|50px|10px|50px|false|false&#8221; animation_style=&#8221;fold&#8221; border_color_top=&#8221;rgba(0,0,0,0.24)&#8221;][et_pb_column type=&#8221;4_4&#8243; _builder_version=&#8221;4.4.6&#8243; background_enable_image=&#8221;off&#8221;][et_pb_text _builder_version=&#8221;4.4.6&#8243; text_font=&#8221;|300|||||||&#8221; text_text_color=&#8221;#ffffff&#8221; text_font_size=&#8221;36px&#8221; hover_enabled=&#8221;0&#8243;]SERVI\u00c7OS[\/et_pb_text][\/et_pb_column][\/et_pb_row][\/et_pb_section][et_pb_section fb_built=&#8221;1&#8243; _builder_version=&#8221;4.4.6&#8243; background_color=&#8221;#2c8f82&#8243; background_color_gradient_direction=&#8221;73deg&#8221; background_image=&#8221;https:\/\/catarinoseguros.pt\/wp-content\/uploads\/2020\/05\/seguros_g_1400.jpg&#8221; parallax=&#8221;on&#8221; parallax_method=&#8221;off&#8221; min_height=&#8221;220px&#8221; custom_margin=&#8221;-15px||||false|false&#8221; custom_padding=&#8221;20px||0px||false|false&#8221; hover_enabled=&#8221;0&#8243; border_color_top=&#8221;#7cda24&#8243; title_text=&#8221;seguros_g_1400&#8243;][et_pb_row use_custom_gutter=&#8221;on&#8221; gutter_width=&#8221;1&#8243; make_equal=&#8221;on&#8221; _builder_version=&#8221;4.4.6&#8243; background_enable_image=&#8221;off&#8221; width=&#8221;100%&#8221; custom_margin=&#8221;0px||0px||false|false&#8221; custom_padding=&#8221;60px|50px|10px|50px|false|false&#8221; animation_style=&#8221;fold&#8221; border_color_top=&#8221;rgba(0,0,0,0.24)&#8221;][et_pb_column type=&#8221;4_4&#8243; _builder_version=&#8221;4.4.6&#8243; background_enable_image=&#8221;off&#8221;][et_pb_text _builder_version=&#8221;4.4.6&#8243; text_font=&#8221;|300|||||||&#8221; text_text_color=&#8221;#ffffff&#8221; text_font_size=&#8221;36px&#8221; hover_enabled=&#8221;0&#8243;]Solu\u00e7\u00f5es \u00e0 sua medida[\/et_pb_text][\/et_pb_column][\/et_pb_row][\/et_pb_section][et_pb_section fb_built=&#8221;1&#8243; custom_padding_last_edited=&#8221;on|desktop&#8221; admin_label=&#8221;section&#8221; _builder_version=&#8221;3.22&#8243; custom_padding=&#8221;||18px|||&#8221; custom_padding_tablet=&#8221;50px|0|50px|0&#8243; custom_padding_phone=&#8221;&#8221; transparent_background=&#8221;off&#8221; padding_mobile=&#8221;off&#8221; make_fullwidth=&#8221;off&#8221; use_custom_width=&#8221;off&#8221; width_unit=&#8221;off&#8221; custom_width_px=&#8221;1080px&#8221; custom_width_percent=&#8221;80%&#8221;][et_pb_row column_padding_mobile=&#8221;on&#8221; admin_label=&#8221;row&#8221; _builder_version=&#8221;4.4.6&#8243; background_size=&#8221;initial&#8221; background_position=&#8221;top_left&#8221; background_repeat=&#8221;repeat&#8221; custom_padding=&#8221;|50px||50px|false|false&#8221; make_fullwidth=&#8221;off&#8221; use_custom_width=&#8221;off&#8221; width_unit=&#8221;off&#8221; custom_width_px=&#8221;1080px&#8221; custom_width_percent=&#8221;80%&#8221;][et_pb_column type=&#8221;4_4&#8243; _builder_version=&#8221;3.25&#8243; custom_padding=&#8221;|||&#8221; custom_padding__hover=&#8221;|||&#8221;][et_pb_text admin_label=&#8221;Text&#8221; _builder_version=&#8221;3.27.4&#8243; background_size=&#8221;initial&#8221; background_position=&#8221;top_left&#8221; background_repeat=&#8221;repeat&#8221; use_border_color=&#8221;off&#8221; border_style=&#8221;solid&#8221;]<\/p>\n<div class=\"contnewsnodot\">A melhor forma de especializa\u00e7\u00e3o \u00e9 a aplica\u00e7\u00e3o correcta daquilo que o mercado disponibiliza, atrav\u00e9s da oferta existente.<\/div>\n<div id=\"contnewsleftcol\">\n<p>Assim, a <strong>Catarino Seguros<\/strong> procura enquadrar os Riscos dos seus Clientes Particulares ou Empresas em produtos especificamente estudados e analisados, por sectores e de acordo com as caracter\u00edsticas de cada um.<\/p>\n<p>As rela\u00e7\u00f5es institucionais entre entidades fornecedoras e os seus Clientes, s\u00e3o nos nossos dias, infelizmente, cada vez mais frias, menos pessoais e para inverter esta tend\u00eancia, a <strong>Catarino Seguros<\/strong> assume a defesa, aconselhamento e acompanhamento dos seus Clientes, sem que para o feito tenham de pagar mais por isso, antes pelo contr\u00e1rio.<\/p>\n<p>Cada caso \u00e9 um caso, da\u00ed que a sua situa\u00e7\u00e3o deva ser estudada e analisada em fun\u00e7\u00e3o das suas necessidades, por forma a conseguir-se o melhor compromisso de equil\u00edbrio entre as coberturas dos riscos a assumir pela Companhia de Seguros e o pr\u00e9mio a suportar pelo Cliente.<\/p>\n<p>Os Produtos predominantemente de origem Banc\u00e1ria, nomeadamente Abertura de Contas, Concess\u00e3o de Cr\u00e9dito, Habita\u00e7\u00e3o, Consumo, Leasings, ALD ou Renting, s\u00e3o hoje, tamb\u00e9m, uma realidade disponibilizada, pela <strong>Catarino Seguros<\/strong>,\u00a0 possibilitando assim uma maior oferta aos seus Clientes, valendo-se para o efeito das parcerias estabelecidas com os principais grupos econ\u00f3micos do sector.<\/p>\n<\/div>\n<p>[\/et_pb_text][\/et_pb_column][\/et_pb_row][\/et_pb_section][et_pb_section fb_built=&#8221;1&#8243; fullwidth=&#8221;on&#8221; custom_padding_last_edited=&#8221;on|desktop&#8221; _builder_version=&#8221;4.4.6&#8243; custom_margin=&#8221;|||100px|false|false&#8221; custom_padding=&#8221;0px|0px|0px|0px&#8221; custom_padding_tablet=&#8221;50px|0|50px|0&#8243; custom_padding_phone=&#8221;&#8221; transparent_background=&#8221;off&#8221; padding_mobile=&#8221;off&#8221; make_fullwidth=&#8221;off&#8221; use_custom_width=&#8221;off&#8221; width_unit=&#8221;off&#8221; custom_width_px=&#8221;1080px&#8221; custom_width_percent=&#8221;80%&#8221;][et_pb_fullwidth_header title=&#8221;MEDIA\u00c7\u00c3O DE SEGUROS&#8221; content_max_width=&#8221;none&#8221; title_font_color=&#8221;#2c8f82&#8243; _builder_version=&#8221;4.4.6&#8243; title_text_color=&#8221;#2c8f82&#8243; content_font_size=&#8221;14px&#8221; background_color=&#8221;rgba(255, 255, 255, 0)&#8221; background_layout=&#8221;light&#8221; custom_css_main_element=&#8221;padding: 20px 0px 8px 0px;&#8221; button_one_letter_spacing_hover=&#8221;0&#8243; button_two_letter_spacing_hover=&#8221;0&#8243; global_module=&#8221;28806&#8243; saved_tabs=&#8221;advanced,css&#8221; button_one_text_size__hover_enabled=&#8221;off&#8221; button_two_text_size__hover_enabled=&#8221;off&#8221; button_one_text_color__hover_enabled=&#8221;off&#8221; button_two_text_color__hover_enabled=&#8221;off&#8221; button_one_border_width__hover_enabled=&#8221;off&#8221; button_two_border_width__hover_enabled=&#8221;off&#8221; button_one_border_color__hover_enabled=&#8221;off&#8221; button_two_border_color__hover_enabled=&#8221;off&#8221; button_one_border_radius__hover_enabled=&#8221;off&#8221; button_two_border_radius__hover_enabled=&#8221;off&#8221; button_one_letter_spacing__hover_enabled=&#8221;on&#8221; button_one_letter_spacing__hover=&#8221;0&#8243; button_two_letter_spacing__hover_enabled=&#8221;on&#8221; button_two_letter_spacing__hover=&#8221;0&#8243; button_one_bg_color__hover_enabled=&#8221;off&#8221; button_two_bg_color__hover_enabled=&#8221;off&#8221;][\/et_pb_fullwidth_header][\/et_pb_section][et_pb_section fb_built=&#8221;1&#8243; custom_padding_last_edited=&#8221;on|desktop&#8221; _builder_version=&#8221;3.22&#8243; custom_padding=&#8221;2px|0px|15px|0px||&#8221; custom_padding_tablet=&#8221;50px|0|50px|0&#8243; custom_padding_phone=&#8221;&#8221; transparent_background=&#8221;off&#8221; padding_mobile=&#8221;off&#8221; make_fullwidth=&#8221;off&#8221; use_custom_width=&#8221;off&#8221; width_unit=&#8221;off&#8221; custom_width_px=&#8221;1080px&#8221; custom_width_percent=&#8221;80%&#8221;][et_pb_row column_structure=&#8221;2_3,1_3&#8243; column_padding_mobile=&#8221;on&#8221; _builder_version=&#8221;4.4.6&#8243; background_size=&#8221;initial&#8221; background_position=&#8221;top_left&#8221; background_repeat=&#8221;repeat&#8221; custom_padding=&#8221;|50px||50px|false|false&#8221; make_fullwidth=&#8221;off&#8221; use_custom_width=&#8221;off&#8221; width_unit=&#8221;off&#8221; custom_width_px=&#8221;1080px&#8221; custom_width_percent=&#8221;80%&#8221;][et_pb_column type=&#8221;2_3&#8243; _builder_version=&#8221;3.25&#8243; custom_padding=&#8221;|||&#8221; custom_padding__hover=&#8221;|||&#8221;][et_pb_text _builder_version=&#8221;3.27.4&#8243; background_size=&#8221;initial&#8221; background_position=&#8221;top_left&#8221; background_repeat=&#8221;repeat&#8221; use_border_color=&#8221;off&#8221; border_style=&#8221;solid&#8221;]A Actividade da Media\u00e7\u00e3o de Seguros enquadra-se no tipo de Presta\u00e7\u00e3o de Servi\u00e7os cujo esp\u00edrito essencial e fundamental assenta na pr\u00e1tica, nos termos do legalmente estabelecido, de aconselhamento e acompanhamento do Cliente, Fam\u00edlias e Empresas enquanto agentes econ\u00f3micos, no equil\u00edbrio entre as performances e custos disponibilizados pelo Sector dos Seguros face \u00e0s diferentes necessidades e realidades e ainda no campo da assist\u00eancia dos contratos estabelecidos entre os Segurados e Seguradoras.[\/et_pb_text][\/et_pb_column][et_pb_column type=&#8221;1_3&#8243; _builder_version=&#8221;4.4.3&#8243; background_enable_image=&#8221;off&#8221; background_size=&#8221;contain&#8221; custom_padding=&#8221;|||&#8221; custom_padding__hover=&#8221;|||&#8221;][et_pb_text _builder_version=&#8221;4.4.3&#8243;]<\/p>\n<p><a href=\"https:\/\/catarinoseguros.pt\/wp-content\/uploads\/2020\/05\/Gloss\u00e1rio_SEGUROS-Termos-T\u00e9cnicos-Fonte-ISP.pdf\" rel=\"attachment wp-att-29128\">Gloss\u00e1rio_SEGUROS Termos T\u00e9cnicos-Fonte ISP<\/a>\u00a0(PDF)<\/p>\n<p>[\/et_pb_text][\/et_pb_column][\/et_pb_row][\/et_pb_section][et_pb_section fb_built=&#8221;1&#8243; fullwidth=&#8221;on&#8221; custom_padding_last_edited=&#8221;on|desktop&#8221; _builder_version=&#8221;4.4.6&#8243; custom_margin=&#8221;|||100px|false|false&#8221; custom_padding=&#8221;0px|0px|0px|0px&#8221; custom_padding_tablet=&#8221;50px|0|50px|0&#8243; custom_padding_phone=&#8221;&#8221; transparent_background=&#8221;off&#8221; padding_mobile=&#8221;off&#8221; make_fullwidth=&#8221;off&#8221; use_custom_width=&#8221;off&#8221; width_unit=&#8221;off&#8221; custom_width_px=&#8221;1080px&#8221; custom_width_percent=&#8221;80%&#8221;][et_pb_fullwidth_header title=&#8221;TIPOS DE SEGUROS&#8221; content_max_width=&#8221;none&#8221; title_font_color=&#8221;#2c8f82&#8243; _builder_version=&#8221;3.16&#8243; title_text_color=&#8221;#2c8f82&#8243; content_font_size=&#8221;14px&#8221; background_color=&#8221;rgba(255, 255, 255, 0)&#8221; background_layout=&#8221;light&#8221; custom_css_main_element=&#8221;padding: 20px 0px 8px 0px;&#8221; button_one_letter_spacing_hover=&#8221;0&#8243; button_two_letter_spacing_hover=&#8221;0&#8243; saved_tabs=&#8221;advanced,css&#8221; button_one_text_size__hover_enabled=&#8221;off&#8221; button_two_text_size__hover_enabled=&#8221;off&#8221; button_one_text_color__hover_enabled=&#8221;off&#8221; button_two_text_color__hover_enabled=&#8221;off&#8221; button_one_border_width__hover_enabled=&#8221;off&#8221; button_two_border_width__hover_enabled=&#8221;off&#8221; button_one_border_color__hover_enabled=&#8221;off&#8221; button_two_border_color__hover_enabled=&#8221;off&#8221; button_one_border_radius__hover_enabled=&#8221;off&#8221; button_two_border_radius__hover_enabled=&#8221;off&#8221; button_one_letter_spacing__hover_enabled=&#8221;on&#8221; button_one_letter_spacing__hover=&#8221;0&#8243; button_two_letter_spacing__hover_enabled=&#8221;on&#8221; button_two_letter_spacing__hover=&#8221;0&#8243; button_one_bg_color__hover_enabled=&#8221;off&#8221; button_two_bg_color__hover_enabled=&#8221;off&#8221;][\/et_pb_fullwidth_header][\/et_pb_section][et_pb_section fb_built=&#8221;1&#8243; _builder_version=&#8221;4.4.3&#8243; custom_padding=&#8221;14px|||||&#8221;][et_pb_row _builder_version=&#8221;4.4.6&#8243; background_size=&#8221;initial&#8221; background_position=&#8221;top_left&#8221; background_repeat=&#8221;repeat&#8221; custom_margin=&#8221;|auto|3px|auto||&#8221; custom_padding=&#8221;5px|50px||50px|false|false&#8221;][et_pb_column type=&#8221;4_4&#8243; _builder_version=&#8221;3.25&#8243; custom_padding=&#8221;|||&#8221; custom_padding__hover=&#8221;|||&#8221;][et_pb_text _builder_version=&#8221;4.4.3&#8243; background_size=&#8221;initial&#8221; background_position=&#8221;top_left&#8221; background_repeat=&#8221;repeat&#8221;]<!-- divi:html --><\/p>\n<div class=\"contnewsnodot\">\n<h1><span style=\"font-size: 16px; color: #666666;\">De uma forma simplificada foi definida uma tipologia para os diferentes tipos de seguros (Ramos), quer eles se tratem de particulares ou colectivos, atrav\u00e9s Solu\u00e7\u00f5es\u00a0Individuais ou Empresariais, em\u00a0dois grandes grupos:<\/span><\/h1>\n<\/div>\n<div id=\"contleftcol\"><\/div>\n<div id=\"contrightcol\">\n<div class=\"contnews\"><\/div>\n<\/div>\n<p><!-- \/divi:html -->[\/et_pb_text][\/et_pb_column][\/et_pb_row][et_pb_row column_structure=&#8221;1_2,1_2&#8243; _builder_version=&#8221;4.4.3&#8243; background_size=&#8221;initial&#8221; background_position=&#8221;top_left&#8221; background_repeat=&#8221;repeat&#8221; width=&#8221;50%&#8221; min_height=&#8221;431px&#8221; custom_padding=&#8221;21px|||||&#8221; border_width_top=&#8221;2px&#8221; border_color_top=&#8221;#999999&#8243; box_shadow_style=&#8221;preset3&#8243;][et_pb_column type=&#8221;1_2&#8243; _builder_version=&#8221;4.4.3&#8243; custom_padding=&#8221;5px|30px|5px|30px|true|true&#8221; custom_padding__hover=&#8221;|||&#8221;][et_pb_text _builder_version=&#8221;4.4.3&#8243; text_font=&#8221;|600|||||||&#8221; text_text_color=&#8221;#1a7512&#8243; text_font_size=&#8221;24px&#8221; custom_margin=&#8221;||8px|||&#8221; custom_padding=&#8221;||10px|||&#8221; locked=&#8221;off&#8221;]<\/p>\n<p>RAMO VIDA<\/p>\n<p>[\/et_pb_text][et_pb_text _builder_version=&#8221;4.4.3&#8243; background_size=&#8221;initial&#8221; background_position=&#8221;top_left&#8221; background_repeat=&#8221;repeat&#8221;]<\/p>\n<p><strong>CL\u00c1SSICO:<\/strong><\/p>\n<p>Seguros em caso de Morte<br \/> Seguros em caso de Vida<br \/> Seguros Mistos<\/p>\n<p><strong>PRODUTOS FINANCEIROS:<\/strong><\/p>\n<p>Seguros de Capitaliza\u00e7\u00e3o<br \/> Seguros de Conta Poupan\u00e7a<br \/> Seguros Complementares de Reforma<br \/> Planos Poupan\u00e7a Reforma (PPR)<\/p>\n<p>[\/et_pb_text][\/et_pb_column][et_pb_column type=&#8221;1_2&#8243; _builder_version=&#8221;4.4.3&#8243; custom_padding=&#8221;0px|30px|0px|30px|true|true&#8221; custom_padding__hover=&#8221;|||&#8221;][et_pb_text _builder_version=&#8221;4.4.3&#8243; text_font=&#8221;|600|||||||&#8221; text_text_color=&#8221;#1a7512&#8243; text_font_size=&#8221;24px&#8221; custom_margin=&#8221;||8px|||&#8221; custom_padding=&#8221;||10px|||&#8221; locked=&#8221;off&#8221;]<\/p>\n<p>RAMO N\u00c3O VIDA<\/p>\n<p>[\/et_pb_text][et_pb_text _builder_version=&#8221;4.4.3&#8243; background_size=&#8221;initial&#8221; background_position=&#8221;top_left&#8221; background_repeat=&#8221;repeat&#8221;]<\/p>\n<p><strong>PATRIMONIAIS:<\/strong><\/p>\n<p>Seguros Multi-Riscos sobre bens<br \/> Seguros de Inc\u00eandio<br \/> Seguros de Roubo<br \/> Seguros de Autom\u00f3veis<br \/> Seguros Agr\u00edcolas<br \/> Outros<\/p>\n<p><strong>N\u00c3O PATRIMONIAIS:<\/strong><\/p>\n<p>Seguros de Acidentes de Trabalho<br \/> Seguros de Acidentes Pessoais<br \/> Seguros de Responsabilidade Civil<br \/> Seguros de Sa\u00fade<br \/> Outros<\/p>\n<p>[\/et_pb_text][\/et_pb_column][\/et_pb_row][\/et_pb_section]<\/p>\n","protected":false},"excerpt":{"rendered":"<p>SERVI\u00c7OSSolu\u00e7\u00f5es \u00e0 sua medidaA melhor forma de especializa\u00e7\u00e3o \u00e9 a aplica\u00e7\u00e3o correcta daquilo que o mercado disponibiliza, atrav\u00e9s da oferta existente. Assim, a Catarino Seguros procura enquadrar os Riscos dos seus Clientes Particulares ou Empresas em produtos especificamente estudados e analisados, por sectores e de acordo com as caracter\u00edsticas de cada um. As rela\u00e7\u00f5es institucionais [&hellip;]<\/p>\n","protected":false},"author":1,"featured_media":0,"parent":0,"menu_order":0,"comment_status":"closed","ping_status":"closed","template":"","meta":{"_et_pb_use_builder":"on","_et_pb_old_content":"<div class=\"contnewsnodot\">\r\n<h1>Servi\u00e7os Catarino Seguros<\/h1>\r\n<\/div>\r\n<div id=\"contnewsleftcol\">\r\n\r\nA melhor forma de especializa\u00e7\u00e3o \u00e9 a aplica\u00e7\u00e3o correcta daquilo que o mercado disponibiliza, atrav\u00e9s da oferta existente.\r\n\r\nAssim, a <strong>Catarino Seguros<\/strong> procura enquadrar os Riscos dos seus Clientes Particulares ou Empresas em produtos especificamente estudados e analisados, por sectores e de acordo com as caracter\u00edsticas de cada um.\r\n\r\nAs rela\u00e7\u00f5es institucionais entre entidades fornecedoras e os seus Clientes, s\u00e3o nos nossos dias, infelizmente, cada vez mais frias, menos pessoais e para inverter esta tend\u00eancia, a <strong>Catarino Seguros<\/strong> assume a defesa, aconselhamento e acompanhamento dos seus Clientes, sem que para o feito tenham de pagar mais por isso, antes pelo contr\u00e1rio.\r\n\r\nCada caso \u00e9 um caso, da\u00ed que a sua situa\u00e7\u00e3o deva ser estudada e analisada em fun\u00e7\u00e3o das suas necessidades, por forma a conseguir-se o melhor compromisso de equil\u00edbrio entre as coberturas dos riscos a assumir pela Companhia de Seguros e o pr\u00e9mio a suportar pelo Cliente.\r\n\r\nOs Produtos predominantemente de origem Banc\u00e1ria, nomeadamente Abertura de Contas, Concess\u00e3o de Cr\u00e9dito, Habita\u00e7\u00e3o, Consumo, Leasings, ALD ou Renting, s\u00e3o hoje, tamb\u00e9m, uma realidade disponibilizada, pela <strong>Catarino Seguros<\/strong>,\u00a0 possibilitando assim uma maior oferta aos seus Clientes, valendo-se para o efeito das parcerias estabelecidas com os principais grupos econ\u00f3micos do sector.\r\n\r\n<\/div>","_et_gb_content_width":""},"yoast_head":"<!-- This site is optimized with the Yoast SEO plugin v18.1 - https:\/\/yoast.com\/wordpress\/plugins\/seo\/ -->\n<title>Servi\u00e7os - Catarinoseguros<\/title>\n<meta name=\"robots\" content=\"index, follow, max-snippet:-1, max-image-preview:large, max-video-preview:-1\" \/>\n<link rel=\"canonical\" href=\"https:\/\/catarinoseguros.pt\/index.php\/servicos\/\" \/>\n<meta property=\"og:locale\" content=\"pt_PT\" \/>\n<meta property=\"og:type\" content=\"article\" \/>\n<meta property=\"og:title\" content=\"Servi\u00e7os - Catarinoseguros\" \/>\n<meta property=\"og:description\" content=\"SERVI\u00c7OSSolu\u00e7\u00f5es \u00e0 sua medidaA melhor forma de especializa\u00e7\u00e3o \u00e9 a aplica\u00e7\u00e3o correcta daquilo que o mercado disponibiliza, atrav\u00e9s da oferta existente. Assim, a Catarino Seguros procura enquadrar os Riscos dos seus Clientes Particulares ou Empresas em produtos especificamente estudados e analisados, por sectores e de acordo com as caracter\u00edsticas de cada um. As rela\u00e7\u00f5es institucionais [&hellip;]\" \/>\n<meta property=\"og:url\" content=\"https:\/\/catarinoseguros.pt\/index.php\/servicos\/\" \/>\n<meta property=\"og:site_name\" content=\"Catarinoseguros\" \/>\n<meta property=\"article:modified_time\" content=\"2020-05-11T11:56:31+00:00\" \/>\n<meta name=\"twitter:card\" content=\"summary_large_image\" \/>\n<meta name=\"twitter:label1\" content=\"Tempo estimado de leitura\" \/>\n\t<meta name=\"twitter:data1\" content=\"8 minutos\" \/>\n<script type=\"application\/ld+json\" class=\"yoast-schema-graph\">{\"@context\":\"https:\/\/schema.org\",\"@graph\":[{\"@type\":\"Organization\",\"@id\":\"https:\/\/catarinoseguros.pt\/#organization\",\"name\":\"Catarino Seguros\",\"url\":\"https:\/\/catarinoseguros.pt\/\",\"sameAs\":[],\"logo\":{\"@type\":\"ImageObject\",\"@id\":\"https:\/\/catarinoseguros.pt\/#logo\",\"inLanguage\":\"pt-PT\",\"url\":\"https:\/\/catarinoseguros.pt\/wp-content\/uploads\/2016\/07\/LOGO_CATARINO_2016_horizontal.png\",\"contentUrl\":\"https:\/\/catarinoseguros.pt\/wp-content\/uploads\/2016\/07\/LOGO_CATARINO_2016_horizontal.png\",\"width\":800,\"height\":310,\"caption\":\"Catarino Seguros\"},\"image\":{\"@id\":\"https:\/\/catarinoseguros.pt\/#logo\"}},{\"@type\":\"WebSite\",\"@id\":\"https:\/\/catarinoseguros.pt\/#website\",\"url\":\"https:\/\/catarinoseguros.pt\/\",\"name\":\"Catarinoseguros\",\"description\":\"Seguros \u00e0 sua medida\",\"publisher\":{\"@id\":\"https:\/\/catarinoseguros.pt\/#organization\"},\"potentialAction\":[{\"@type\":\"SearchAction\",\"target\":{\"@type\":\"EntryPoint\",\"urlTemplate\":\"https:\/\/catarinoseguros.pt\/?s={search_term_string}\"},\"query-input\":\"required name=search_term_string\"}],\"inLanguage\":\"pt-PT\"},{\"@type\":\"WebPage\",\"@id\":\"https:\/\/catarinoseguros.pt\/index.php\/servicos\/#webpage\",\"url\":\"https:\/\/catarinoseguros.pt\/index.php\/servicos\/\",\"name\":\"Servi\u00e7os - Catarinoseguros\",\"isPartOf\":{\"@id\":\"https:\/\/catarinoseguros.pt\/#website\"},\"datePublished\":\"2016-09-06T11:38:46+00:00\",\"dateModified\":\"2020-05-11T11:56:31+00:00\",\"breadcrumb\":{\"@id\":\"https:\/\/catarinoseguros.pt\/index.php\/servicos\/#breadcrumb\"},\"inLanguage\":\"pt-PT\",\"potentialAction\":[{\"@type\":\"ReadAction\",\"target\":[\"https:\/\/catarinoseguros.pt\/index.php\/servicos\/\"]}]},{\"@type\":\"BreadcrumbList\",\"@id\":\"https:\/\/catarinoseguros.pt\/index.php\/servicos\/#breadcrumb\",\"itemListElement\":[{\"@type\":\"ListItem\",\"position\":1,\"name\":\"Home\",\"item\":\"https:\/\/catarinoseguros.pt\/\"},{\"@type\":\"ListItem\",\"position\":2,\"name\":\"Servi\u00e7os\"}]}]}<\/script>\n<!-- \/ Yoast SEO plugin. -->","yoast_head_json":{"title":"Servi\u00e7os - Catarinoseguros","robots":{"index":"index","follow":"follow","max-snippet":"max-snippet:-1","max-image-preview":"max-image-preview:large","max-video-preview":"max-video-preview:-1"},"canonical":"https:\/\/catarinoseguros.pt\/index.php\/servicos\/","og_locale":"pt_PT","og_type":"article","og_title":"Servi\u00e7os - Catarinoseguros","og_description":"SERVI\u00c7OSSolu\u00e7\u00f5es \u00e0 sua medidaA melhor forma de especializa\u00e7\u00e3o \u00e9 a aplica\u00e7\u00e3o correcta daquilo que o mercado disponibiliza, atrav\u00e9s da oferta existente. Assim, a Catarino Seguros procura enquadrar os Riscos dos seus Clientes Particulares ou Empresas em produtos especificamente estudados e analisados, por sectores e de acordo com as caracter\u00edsticas de cada um. As rela\u00e7\u00f5es institucionais [&hellip;]","og_url":"https:\/\/catarinoseguros.pt\/index.php\/servicos\/","og_site_name":"Catarinoseguros","article_modified_time":"2020-05-11T11:56:31+00:00","twitter_card":"summary_large_image","twitter_misc":{"Tempo estimado de leitura":"8 minutos"},"schema":{"@context":"https:\/\/schema.org","@graph":[{"@type":"Organization","@id":"https:\/\/catarinoseguros.pt\/#organization","name":"Catarino Seguros","url":"https:\/\/catarinoseguros.pt\/","sameAs":[],"logo":{"@type":"ImageObject","@id":"https:\/\/catarinoseguros.pt\/#logo","inLanguage":"pt-PT","url":"https:\/\/catarinoseguros.pt\/wp-content\/uploads\/2016\/07\/LOGO_CATARINO_2016_horizontal.png","contentUrl":"https:\/\/catarinoseguros.pt\/wp-content\/uploads\/2016\/07\/LOGO_CATARINO_2016_horizontal.png","width":800,"height":310,"caption":"Catarino Seguros"},"image":{"@id":"https:\/\/catarinoseguros.pt\/#logo"}},{"@type":"WebSite","@id":"https:\/\/catarinoseguros.pt\/#website","url":"https:\/\/catarinoseguros.pt\/","name":"Catarinoseguros","description":"Seguros \u00e0 sua medida","publisher":{"@id":"https:\/\/catarinoseguros.pt\/#organization"},"potentialAction":[{"@type":"SearchAction","target":{"@type":"EntryPoint","urlTemplate":"https:\/\/catarinoseguros.pt\/?s={search_term_string}"},"query-input":"required name=search_term_string"}],"inLanguage":"pt-PT"},{"@type":"WebPage","@id":"https:\/\/catarinoseguros.pt\/index.php\/servicos\/#webpage","url":"https:\/\/catarinoseguros.pt\/index.php\/servicos\/","name":"Servi\u00e7os - Catarinoseguros","isPartOf":{"@id":"https:\/\/catarinoseguros.pt\/#website"},"datePublished":"2016-09-06T11:38:46+00:00","dateModified":"2020-05-11T11:56:31+00:00","breadcrumb":{"@id":"https:\/\/catarinoseguros.pt\/index.php\/servicos\/#breadcrumb"},"inLanguage":"pt-PT","potentialAction":[{"@type":"ReadAction","target":["https:\/\/catarinoseguros.pt\/index.php\/servicos\/"]}]},{"@type":"BreadcrumbList","@id":"https:\/\/catarinoseguros.pt\/index.php\/servicos\/#breadcrumb","itemListElement":[{"@type":"ListItem","position":1,"name":"Home","item":"https:\/\/catarinoseguros.pt\/"},{"@type":"ListItem","position":2,"name":"Servi\u00e7os"}]}]}},"_links":{"self":[{"href":"https:\/\/catarinoseguros.pt\/index.php\/wp-json\/wp\/v2\/pages\/127"}],"collection":[{"href":"https:\/\/catarinoseguros.pt\/index.php\/wp-json\/wp\/v2\/pages"}],"about":[{"href":"https:\/\/catarinoseguros.pt\/index.php\/wp-json\/wp\/v2\/types\/page"}],"author":[{"embeddable":true,"href":"https:\/\/catarinoseguros.pt\/index.php\/wp-json\/wp\/v2\/users\/1"}],"replies":[{"embeddable":true,"href":"https:\/\/catarinoseguros.pt\/index.php\/wp-json\/wp\/v2\/comments?post=127"}],"version-history":[{"count":17,"href":"https:\/\/catarinoseguros.pt\/index.php\/wp-json\/wp\/v2\/pages\/127\/revisions"}],"predecessor-version":[{"id":29438,"href":"https:\/\/catarinoseguros.pt\/index.php\/wp-json\/wp\/v2\/pages\/127\/revisions\/29438"}],"wp:attachment":[{"href":"https:\/\/catarinoseguros.pt\/index.php\/wp-json\/wp\/v2\/media?parent=127"}],"curies":[{"name":"wp","href":"https:\/\/api.w.org\/{rel}","templated":true}]}}