
{"id":121,"date":"2016-09-06T11:35:34","date_gmt":"2016-09-06T11:35:34","guid":{"rendered":"http:\/\/catarinoseguros.pt\/PT\/?page_id=121"},"modified":"2020-05-11T12:08:34","modified_gmt":"2020-05-11T12:08:34","slug":"gdpr","status":"publish","type":"page","link":"https:\/\/catarinoseguros.pt\/index.php\/gdpr\/","title":{"rendered":"Pol\u00edtica de cookies e GDPR"},"content":{"rendered":"<p>[et_pb_section fb_built=&#8221;1&#8243; _builder_version=&#8221;4.4.6&#8243; background_color=&#8221;#2c8f82&#8243; background_color_gradient_direction=&#8221;73deg&#8221; custom_margin=&#8221;-15px||||false|false&#8221; custom_padding=&#8221;20px||40px||false|false&#8221; border_color_top=&#8221;#7cda24&#8243;][et_pb_row use_custom_gutter=&#8221;on&#8221; gutter_width=&#8221;1&#8243; make_equal=&#8221;on&#8221; _builder_version=&#8221;4.4.6&#8243; background_enable_image=&#8221;off&#8221; width=&#8221;100%&#8221; custom_margin=&#8221;0px||0px||false|false&#8221; custom_padding=&#8221;10px|50px|10px|50px|false|false&#8221; animation_style=&#8221;fold&#8221; border_color_top=&#8221;rgba(0,0,0,0.24)&#8221;][et_pb_column type=&#8221;4_4&#8243; _builder_version=&#8221;4.4.6&#8243; background_enable_image=&#8221;off&#8221;][et_pb_text _builder_version=&#8221;4.4.6&#8243; text_font=&#8221;|300|||||||&#8221; text_text_color=&#8221;#ffffff&#8221; text_font_size=&#8221;36px&#8221;]<\/p>\n<p>RGPD<\/p>\n<p>[\/et_pb_text][\/et_pb_column][\/et_pb_row][\/et_pb_section][et_pb_section fb_built=&#8221;1&#8243; _builder_version=&#8221;4.4.6&#8243; background_color=&#8221;#2c8f82&#8243; background_color_gradient_direction=&#8221;73deg&#8221; background_image=&#8221;https:\/\/catarinoseguros.pt\/wp-content\/uploads\/2020\/05\/computador_g_1400.jpg&#8221; parallax=&#8221;on&#8221; parallax_method=&#8221;off&#8221; min_height=&#8221;220px&#8221; custom_margin=&#8221;-15px||||false|false&#8221; custom_padding=&#8221;20px||0px||false|false&#8221; hover_enabled=&#8221;0&#8243; border_color_top=&#8221;#7cda24&#8243; title_text=&#8221;computador_g_1400&#8243;][et_pb_row use_custom_gutter=&#8221;on&#8221; gutter_width=&#8221;1&#8243; make_equal=&#8221;on&#8221; _builder_version=&#8221;4.4.6&#8243; background_enable_image=&#8221;off&#8221; width=&#8221;100%&#8221; custom_margin=&#8221;0px||0px||false|false&#8221; custom_padding=&#8221;60px|50px|10px|50px|false|false&#8221; animation_style=&#8221;fold&#8221; border_color_top=&#8221;rgba(0,0,0,0.24)&#8221;][et_pb_column type=&#8221;4_4&#8243; _builder_version=&#8221;4.4.6&#8243; background_enable_image=&#8221;off&#8221;][et_pb_text _builder_version=&#8221;4.4.6&#8243; text_font=&#8221;|300|||||||&#8221; text_text_color=&#8221;#ffffff&#8221; text_font_size=&#8221;36px&#8221;]Politica de Privacidade e Protec\u00e7\u00e3o de Dados Pessoais[\/et_pb_text][\/et_pb_column][\/et_pb_row][\/et_pb_section][et_pb_section fb_built=&#8221;1&#8243; fullwidth=&#8221;on&#8221; _builder_version=&#8221;4.4.3&#8243;][\/et_pb_section][et_pb_section fb_built=&#8221;1&#8243; _builder_version=&#8221;4.4.3&#8243; background_enable_color=&#8221;off&#8221; background_color_gradient_direction=&#8221;73deg&#8221; min_height=&#8221;302px&#8221; custom_margin=&#8221;3px|||||&#8221; custom_padding=&#8221;13px||11px|||&#8221; border_color_top=&#8221;#7cda24&#8243;][et_pb_row _builder_version=&#8221;4.4.6&#8243; custom_padding=&#8221;|||50px|false|false&#8221;][et_pb_column type=&#8221;4_4&#8243; _builder_version=&#8221;4.4.6&#8243;][et_pb_text _builder_version=&#8221;4.4.6&#8243;]<\/p>\n<p><strong>POL\u00cdTICA<\/strong> <strong>DE<\/strong> <strong>PRIVACIDADE<\/strong> <strong>E PROTEC\u00c7\u00c3O DE DADOS PESSOAIS<\/strong><\/p>\n<p><strong>RGPD<\/strong> [Regulamento Geral de Protec\u00e7\u00e3o de Dados] \u2013 25 de Maio de 2018 <br \/><a href=\"https:\/\/catarinoseguros.pt\/wp-content\/uploads\/2020\/05\/Politica-de-Privacidade-e-Protec\u00e7\u00e3o-de-Dados-Pessoais_RGPD.pdf\" rel=\"attachment wp-att-29182\">Politica de Privacidade e Protec\u00e7\u00e3o de Dados Pessoais_RGPD (Download PDF)<\/a>\u00a0<\/p>\n<p><strong>[Regulamento da Uni\u00e3o Europeia 679, de 27\/04\/2016, do Conselho do Parlamento Europeu]<\/strong><\/p>\n<p>[\/et_pb_text][et_pb_text _builder_version=&#8221;4.4.6&#8243;]<\/p>\n<p><strong>IDENTIDADE<\/strong><\/p>\n<p>CATARINO SEGUROS &#8211; Media\u00e7\u00e3o de Seguros, Lda., com escrit\u00f3rio\/sede na Av. D. Francisco de Almeida, 11RC, 2710-562 Sintra, inscrito no registo da Autoridade de Supervis\u00e3o de Seguros e Fundos de Pens\u00f5es sob o n\u00ba 2007302, e o NIPC 503027170, vem indicar o modelo aplicado para a Protec\u00e7\u00e3o de Dados, com base no Regulamento Geral de Protec\u00e7\u00e3o de Dados , doravante \u2013 designado de RGPD<\/p>\n<p>A presente Politica de Privacidade e Protec\u00e7\u00e3o\u00a0 de\u00a0 Dados Pessoais, aplica-se genericamente \u00e0 recolha e tratamento dos dados pessoais fornecidos pelos Clientes, utentes e utilizadores \u2013 doravante somente \u201cTITULAR DOS\u00a0 DADOS\u201d -,\u00a0 dos\u00a0 servi\u00e7os prestados, quer offline quer online, e \u00e9 do conhecimento\u00a0 de todos os colaboradores da empresa.<\/p>\n<p>Nos termos e para os devidos efeitos do n.\u00ba 1, do art.\u00ba 4, do RGPD, consideram-se dados pessoais, toda a informa\u00e7\u00e3o relativa a uma pessoa singular identificada ou identific\u00e1vel.<\/p>\n<p>O RGPD aplica-se apenas aos dados das pessoas singulares, n\u00e3o abrangendo os dados das pessoas colectivas.<\/p>\n<p>O RGPD refere ainda que as informa\u00e7\u00f5es, relativas a um tratamento l\u00edcito, n\u00e3o precisam de ser fornecidas nos casos em que a informa\u00e7\u00e3o deve permanecer confidencial devido \u00e0s obriga\u00e7\u00f5es de sigilo profissional.<\/p>\n<p><strong>Artigo 1.\u00ba &#8211; Tratamento de Dados Pessoais<\/strong><\/p>\n<p>Os dados pessoais fornecidos na rela\u00e7\u00e3o estabelecida, por via da actividade de Distribui\u00e7\u00e3o de Seguros, suportada pelo regime jur\u00eddico da Lei n.\u00ba 7, de 16 de Janeiro de 2019, s\u00e3o tratados em conformidade com os preceitos legalmente aplic\u00e1veis, sendo nomeadamente:<br \/><strong>a)<\/strong> Tratados de forma licita, legal e transparente;<br \/><strong>b)<\/strong> Recolhidos para finalidades determinadas, expl\u00edcitas e leg\u00edtimas, e n\u00e3o ser\u00e3o tratados posteriormente de uma forma incompat\u00edvel com essas finalidades;<br \/><strong>c)<\/strong> Adequadas, pertinentes e limitados ao que \u00e9 necess\u00e1rio relativamente \u00e0s finalidades para as quais s\u00e3o tratados;<br \/><strong>d)<\/strong> Exactos e, se necess\u00e1rio, actualizados, devendo ser tomadas as medidas adequadas para assegurar que sejam apagados ou rectificados os dados inexactos ou incompletos, tendo em conta as finalidades para que foram recolhidos, ou para que s\u00e3o tratados posteriormente;<br \/><strong>e)<\/strong> Conservados de forma a permitir a identifica\u00e7\u00e3o dos seus\u00a0titulares, apenas durante o per\u00edodo estritamente necess\u00e1rio \u00a0e dentro do legalmente permitido,\u00a0 para\u00a0 prossecu\u00e7\u00e3o das finalidades de recolha ou do tratamento posterior.\u00a0<\/p>\n<p><strong>Artigo 2.\u00ba &#8211; Finalidades e Fundamentos<\/strong><\/p>\n<p>Os Dados\u00a0 Pessoais destinam-se exclusivamente ao tratamento necess\u00e1rio para a execu\u00e7\u00e3o e gest\u00e3o do contrato de seguro ou proposta de solu\u00e7\u00f5es adequadas ao interesse do Titular dos Dados, ou para o cumprimento de obriga\u00e7\u00f5es legais, designadamente junto das autoridades,\u00a0 entre outras\u00a0 de supervis\u00e3o tribut\u00e1ria e fiscal ou judiciais, pelo prazo legal de prescri\u00e7\u00e3o de todas as obriga\u00e7\u00f5es emergentes.<\/p>\n<p><strong>Artigo 3.\u00ba &#8211; Seguran\u00e7a dos Dados Pessoais<\/strong><\/p>\n<p>S\u00e3o adoptadas as medidas t\u00e9cnicas e organizativas de confinamento adequadas para proteger os Dados\u00a0 Pessoais, nomeadamente:<br \/><strong>a)<\/strong> O espa\u00e7o de arquivo f\u00edsico fechado e isolado dos lugares de atendimento;<br \/><strong>b)<\/strong> O Sistema Inform\u00e1tico, Hardware e Software, protegidos e segregados com identifica\u00e7\u00e3o de utiliza\u00e7\u00e3o, passwords, firewall e antiv\u00edrus;<br \/><strong>c)<\/strong> A Destrui\u00e7\u00e3o e elimina\u00e7\u00e3o dos documentos ou registos de dados s\u00e3o efectuadas de acordo com o dispositivo legal.<\/p>\n<p><strong>Artigo 4.\u00ba &#8211; Comunica\u00e7\u00e3o de Dados<\/strong><\/p>\n<p>A comunica\u00e7\u00e3o de dados poder\u00e1 ser efectuada \u00e0s empresas que estejam em rela\u00e7\u00e3o funcional, de dom\u00ednio ou controlo, por for\u00e7a de rela\u00e7\u00e3o da actividade profissional.<\/p>\n<p><strong>Artigo 5.\u00ba &#8211; Dados Sens\u00edveis<\/strong><\/p>\n<p>Nos casos expressos, nomeadamente relativos \u00e0 sa\u00fade, estes s\u00e3o utilizados exclusiva e estritamente no \u00e2mbito da rela\u00e7\u00e3o pr\u00e9- contratual para a identifica\u00e7\u00e3o da an\u00e1lise de risco subjacente.<\/p>\n<p><strong>Artigo 6.\u00ba &#8211; Cookies (Protocolo comunica\u00e7\u00e3o usado na Internet)<\/strong><\/p>\n<p>Podem ser utilizados, no sentido de serem realizadas determinadas opera\u00e7\u00f5es no sitio da Internet (website), de forma mais r\u00e1pida e segura, desde que a\u00ed estejam\u00a0 devidamente expressos.<\/p>\n<p><strong>Artigo 7.\u00ba &#8211; Altera\u00e7\u00f5es \u00e0 Politica de Privacidade<\/strong><\/p>\n<p>A presente Politica de Privacidade poder\u00e1 ser objecto\u00a0 de altera\u00e7\u00e3o peri\u00f3dica, mediante a publica\u00e7\u00e3o no Sitio da Internet (website), sem necessidade de consentimento pr\u00e9vio do Titular dos Dados.<\/p>\n<p>&nbsp;<\/p>\n<p>Para si, e por si<\/p>\n<p><em>Lu\u00eds Manuel de Almeida Catarino, Administrador<\/em><br \/>Sintra, 25 de Maio de 2018<\/p>\n<p>&nbsp;<\/p>\n<p>&nbsp;<\/p>\n<p>[\/et_pb_text][\/et_pb_column][\/et_pb_row][\/et_pb_section]<\/p>\n","protected":false},"excerpt":{"rendered":"<p>RGPDPolitica de Privacidade e Protec\u00e7\u00e3o de Dados PessoaisPOL\u00cdTICA DE PRIVACIDADE E PROTEC\u00c7\u00c3O DE DADOS PESSOAIS RGPD [Regulamento Geral de Protec\u00e7\u00e3o de Dados] \u2013 25 de Maio de 2018 Politica de Privacidade e Protec\u00e7\u00e3o de Dados Pessoais_RGPD (Download PDF)\u00a0 [Regulamento da Uni\u00e3o Europeia 679, de 27\/04\/2016, do Conselho do Parlamento Europeu]IDENTIDADE CATARINO SEGUROS &#8211; Media\u00e7\u00e3o de [&hellip;]<\/p>\n","protected":false},"author":1,"featured_media":0,"parent":0,"menu_order":0,"comment_status":"closed","ping_status":"closed","template":"","meta":{"_et_pb_use_builder":"on","_et_pb_old_content":"<!-- wp:html -->\r\n<div class=\"contnewsnodot\">\r\n<h1>Tipos de Seguros<\/h1>\r\n<\/div>\r\n<div id=\"contnewsleftcol\">De uma forma simplificada foi definida uma tipologia para os diferentes tipos de seguros (Ramos), quer eles se tratem de particulares ou colectivos, atrav\u00e9s Solu\u00e7\u00f5es Individuais ou Empresariais, em\u00a0dois grandes grupos:\r\n<p>\u00a0<\/p>\r\n<\/div>\r\n<div id=\"contleftcol\">\r\n<div class=\"contnews\">\r\n<table border=\"0\" width=\"100%\" cellspacing=\"0\" cellpadding=\"0\">\r\n<tbody>\r\n<tr>\r\n<td class=\"tlgrad3\" width=\"5\">\u00a0<\/td>\r\n<td class=\"gradbgtop3\" width=\"254\">Ramo Vida<\/td>\r\n<td class=\"trgrad3\" width=\"1\">\u00a0<\/td>\r\n<\/tr>\r\n<tr bgcolor=\"#C5E399\">\r\n<td>\u00a0<\/td>\r\n<td>\r\n<div class=\"contdestaque\">\r\n<div class=\"homenewstxtRAMOS\"><strong><span style=\"color: #006633;\"><br \/>CL\u00c1SSICO:<\/span><\/strong>\r\n<p>\u00a0<\/p>\r\n<ul>\r\n<li>Seguros em caso de Morte<\/li>\r\n<li>Seguros em caso de Vida<\/li>\r\n<li>Seguros Mistos<\/li>\r\n<\/ul>\r\n<p><strong><span style=\"color: #006633;\">PRODUTOS FINANCEIROS:<\/span><\/strong><\/p>\r\n<ul>\r\n<li>Seguros de Capitaliza\u00e7\u00e3o<\/li>\r\n<li>Seguros de Conta Poupan\u00e7a<\/li>\r\n<li>Seguros Complementares de Reforma<\/li>\r\n<li>Planos Poupan\u00e7a Reforma (PPR)<\/li>\r\n<\/ul>\r\n<\/div>\r\n<\/div>\r\n<\/td>\r\n<td>\u00a0<\/td>\r\n<\/tr>\r\n<tr>\r\n<td class=\"blgrad\">\u00a0<\/td>\r\n<td class=\"gradbgbottom\">\u00a0<\/td>\r\n<td class=\"brgrad\">\u00a0<\/td>\r\n<\/tr>\r\n<\/tbody>\r\n<\/table>\r\n<\/div>\r\n<\/div>\r\n<div id=\"contrightcol\">\r\n<div class=\"contnews\">\r\n<table border=\"0\" width=\"100%\" cellspacing=\"0\" cellpadding=\"0\">\r\n<tbody>\r\n<tr>\r\n<td class=\"tlgrad3\" width=\"1\">\u00a0<\/td>\r\n<td class=\"gradbgtop3\" width=\"252\">Ramo N\u00e3o Vida<\/td>\r\n<td class=\"trgrad3\" width=\"7\">\u00a0<\/td>\r\n<\/tr>\r\n<tr bgcolor=\"#C5E399\">\r\n<td>\u00a0<\/td>\r\n<td>\r\n<div class=\"contdestaque\">\r\n<div class=\"homenewstxtRAMOS\"><strong><span style=\"color: #006633;\"><br \/>PATRIMONIAIS:<\/span><\/strong>\r\n<p>\u00a0<\/p>\r\n<ul>\r\n<li>Seguros Multi-Riscos sobre bens<\/li>\r\n<li>Seguros de Inc\u00eandio<\/li>\r\n<li>Seguros de Roubo<\/li>\r\n<li>Seguros de Autom\u00f3veis<\/li>\r\n<li>Seguros Agr\u00edcolas<\/li>\r\n<li>Outros<\/li>\r\n<\/ul>\r\n<p><strong><span style=\"color: #006633;\">N\u00c3O PATRIMONIAIS:<\/span><\/strong><\/p>\r\n<ul>\r\n<li>Seguros de Acidentes de Trabalho<\/li>\r\n<li>Seguros de Acidentes Pessoais<\/li>\r\n<li>Seguros de Responsabilidade Civil<\/li>\r\n<li>Seguros de Sa\u00fade<\/li>\r\n<li>Outros<\/li>\r\n<\/ul>\r\n<\/div>\r\n<\/div>\r\n<\/td>\r\n<\/tr>\r\n<\/tbody>\r\n<\/table>\r\n<\/div>\r\n<\/div>\r\n<p>\u00a0<\/p>\r\n<!-- \/wp:html -->","_et_gb_content_width":""},"yoast_head":"<!-- This site is optimized with the Yoast SEO plugin v18.1 - https:\/\/yoast.com\/wordpress\/plugins\/seo\/ -->\n<title>Pol\u00edtica de cookies e GDPR - Catarinoseguros<\/title>\n<meta name=\"robots\" content=\"index, follow, max-snippet:-1, max-image-preview:large, max-video-preview:-1\" \/>\n<link rel=\"canonical\" href=\"https:\/\/catarinoseguros.pt\/index.php\/gdpr\/\" \/>\n<meta property=\"og:locale\" content=\"pt_PT\" \/>\n<meta property=\"og:type\" content=\"article\" \/>\n<meta property=\"og:title\" content=\"Pol\u00edtica de cookies e GDPR - Catarinoseguros\" \/>\n<meta property=\"og:description\" content=\"RGPDPolitica de Privacidade e Protec\u00e7\u00e3o de Dados PessoaisPOL\u00cdTICA DE PRIVACIDADE E PROTEC\u00c7\u00c3O DE DADOS PESSOAIS RGPD [Regulamento Geral de Protec\u00e7\u00e3o de Dados] \u2013 25 de Maio de 2018 Politica de Privacidade e Protec\u00e7\u00e3o de Dados Pessoais_RGPD (Download PDF)\u00a0 [Regulamento da Uni\u00e3o Europeia 679, de 27\/04\/2016, do Conselho do Parlamento Europeu]IDENTIDADE CATARINO SEGUROS - Media\u00e7\u00e3o de [&hellip;]\" \/>\n<meta property=\"og:url\" content=\"https:\/\/catarinoseguros.pt\/index.php\/gdpr\/\" \/>\n<meta property=\"og:site_name\" content=\"Catarinoseguros\" \/>\n<meta property=\"article:modified_time\" content=\"2020-05-11T12:08:34+00:00\" \/>\n<meta name=\"twitter:card\" content=\"summary_large_image\" \/>\n<meta name=\"twitter:label1\" content=\"Tempo estimado de leitura\" \/>\n\t<meta name=\"twitter:data1\" content=\"5 minutos\" \/>\n<script type=\"application\/ld+json\" class=\"yoast-schema-graph\">{\"@context\":\"https:\/\/schema.org\",\"@graph\":[{\"@type\":\"Organization\",\"@id\":\"https:\/\/catarinoseguros.pt\/#organization\",\"name\":\"Catarino Seguros\",\"url\":\"https:\/\/catarinoseguros.pt\/\",\"sameAs\":[],\"logo\":{\"@type\":\"ImageObject\",\"@id\":\"https:\/\/catarinoseguros.pt\/#logo\",\"inLanguage\":\"pt-PT\",\"url\":\"https:\/\/catarinoseguros.pt\/wp-content\/uploads\/2016\/07\/LOGO_CATARINO_2016_horizontal.png\",\"contentUrl\":\"https:\/\/catarinoseguros.pt\/wp-content\/uploads\/2016\/07\/LOGO_CATARINO_2016_horizontal.png\",\"width\":800,\"height\":310,\"caption\":\"Catarino Seguros\"},\"image\":{\"@id\":\"https:\/\/catarinoseguros.pt\/#logo\"}},{\"@type\":\"WebSite\",\"@id\":\"https:\/\/catarinoseguros.pt\/#website\",\"url\":\"https:\/\/catarinoseguros.pt\/\",\"name\":\"Catarinoseguros\",\"description\":\"Seguros \u00e0 sua medida\",\"publisher\":{\"@id\":\"https:\/\/catarinoseguros.pt\/#organization\"},\"potentialAction\":[{\"@type\":\"SearchAction\",\"target\":{\"@type\":\"EntryPoint\",\"urlTemplate\":\"https:\/\/catarinoseguros.pt\/?s={search_term_string}\"},\"query-input\":\"required name=search_term_string\"}],\"inLanguage\":\"pt-PT\"},{\"@type\":\"WebPage\",\"@id\":\"https:\/\/catarinoseguros.pt\/index.php\/gdpr\/#webpage\",\"url\":\"https:\/\/catarinoseguros.pt\/index.php\/gdpr\/\",\"name\":\"Pol\u00edtica de cookies e GDPR - Catarinoseguros\",\"isPartOf\":{\"@id\":\"https:\/\/catarinoseguros.pt\/#website\"},\"datePublished\":\"2016-09-06T11:35:34+00:00\",\"dateModified\":\"2020-05-11T12:08:34+00:00\",\"breadcrumb\":{\"@id\":\"https:\/\/catarinoseguros.pt\/index.php\/gdpr\/#breadcrumb\"},\"inLanguage\":\"pt-PT\",\"potentialAction\":[{\"@type\":\"ReadAction\",\"target\":[\"https:\/\/catarinoseguros.pt\/index.php\/gdpr\/\"]}]},{\"@type\":\"BreadcrumbList\",\"@id\":\"https:\/\/catarinoseguros.pt\/index.php\/gdpr\/#breadcrumb\",\"itemListElement\":[{\"@type\":\"ListItem\",\"position\":1,\"name\":\"Home\",\"item\":\"https:\/\/catarinoseguros.pt\/\"},{\"@type\":\"ListItem\",\"position\":2,\"name\":\"Pol\u00edtica de cookies e GDPR\"}]}]}<\/script>\n<!-- \/ Yoast SEO plugin. -->","yoast_head_json":{"title":"Pol\u00edtica de cookies e GDPR - Catarinoseguros","robots":{"index":"index","follow":"follow","max-snippet":"max-snippet:-1","max-image-preview":"max-image-preview:large","max-video-preview":"max-video-preview:-1"},"canonical":"https:\/\/catarinoseguros.pt\/index.php\/gdpr\/","og_locale":"pt_PT","og_type":"article","og_title":"Pol\u00edtica de cookies e GDPR - Catarinoseguros","og_description":"RGPDPolitica de Privacidade e Protec\u00e7\u00e3o de Dados PessoaisPOL\u00cdTICA DE PRIVACIDADE E PROTEC\u00c7\u00c3O DE DADOS PESSOAIS RGPD [Regulamento Geral de Protec\u00e7\u00e3o de Dados] \u2013 25 de Maio de 2018 Politica de Privacidade e Protec\u00e7\u00e3o de Dados Pessoais_RGPD (Download PDF)\u00a0 [Regulamento da Uni\u00e3o Europeia 679, de 27\/04\/2016, do Conselho do Parlamento Europeu]IDENTIDADE CATARINO SEGUROS - Media\u00e7\u00e3o de [&hellip;]","og_url":"https:\/\/catarinoseguros.pt\/index.php\/gdpr\/","og_site_name":"Catarinoseguros","article_modified_time":"2020-05-11T12:08:34+00:00","twitter_card":"summary_large_image","twitter_misc":{"Tempo estimado de leitura":"5 minutos"},"schema":{"@context":"https:\/\/schema.org","@graph":[{"@type":"Organization","@id":"https:\/\/catarinoseguros.pt\/#organization","name":"Catarino Seguros","url":"https:\/\/catarinoseguros.pt\/","sameAs":[],"logo":{"@type":"ImageObject","@id":"https:\/\/catarinoseguros.pt\/#logo","inLanguage":"pt-PT","url":"https:\/\/catarinoseguros.pt\/wp-content\/uploads\/2016\/07\/LOGO_CATARINO_2016_horizontal.png","contentUrl":"https:\/\/catarinoseguros.pt\/wp-content\/uploads\/2016\/07\/LOGO_CATARINO_2016_horizontal.png","width":800,"height":310,"caption":"Catarino Seguros"},"image":{"@id":"https:\/\/catarinoseguros.pt\/#logo"}},{"@type":"WebSite","@id":"https:\/\/catarinoseguros.pt\/#website","url":"https:\/\/catarinoseguros.pt\/","name":"Catarinoseguros","description":"Seguros \u00e0 sua medida","publisher":{"@id":"https:\/\/catarinoseguros.pt\/#organization"},"potentialAction":[{"@type":"SearchAction","target":{"@type":"EntryPoint","urlTemplate":"https:\/\/catarinoseguros.pt\/?s={search_term_string}"},"query-input":"required name=search_term_string"}],"inLanguage":"pt-PT"},{"@type":"WebPage","@id":"https:\/\/catarinoseguros.pt\/index.php\/gdpr\/#webpage","url":"https:\/\/catarinoseguros.pt\/index.php\/gdpr\/","name":"Pol\u00edtica de cookies e GDPR - Catarinoseguros","isPartOf":{"@id":"https:\/\/catarinoseguros.pt\/#website"},"datePublished":"2016-09-06T11:35:34+00:00","dateModified":"2020-05-11T12:08:34+00:00","breadcrumb":{"@id":"https:\/\/catarinoseguros.pt\/index.php\/gdpr\/#breadcrumb"},"inLanguage":"pt-PT","potentialAction":[{"@type":"ReadAction","target":["https:\/\/catarinoseguros.pt\/index.php\/gdpr\/"]}]},{"@type":"BreadcrumbList","@id":"https:\/\/catarinoseguros.pt\/index.php\/gdpr\/#breadcrumb","itemListElement":[{"@type":"ListItem","position":1,"name":"Home","item":"https:\/\/catarinoseguros.pt\/"},{"@type":"ListItem","position":2,"name":"Pol\u00edtica de cookies e GDPR"}]}]}},"_links":{"self":[{"href":"https:\/\/catarinoseguros.pt\/index.php\/wp-json\/wp\/v2\/pages\/121"}],"collection":[{"href":"https:\/\/catarinoseguros.pt\/index.php\/wp-json\/wp\/v2\/pages"}],"about":[{"href":"https:\/\/catarinoseguros.pt\/index.php\/wp-json\/wp\/v2\/types\/page"}],"author":[{"embeddable":true,"href":"https:\/\/catarinoseguros.pt\/index.php\/wp-json\/wp\/v2\/users\/1"}],"replies":[{"embeddable":true,"href":"https:\/\/catarinoseguros.pt\/index.php\/wp-json\/wp\/v2\/comments?post=121"}],"version-history":[{"count":88,"href":"https:\/\/catarinoseguros.pt\/index.php\/wp-json\/wp\/v2\/pages\/121\/revisions"}],"predecessor-version":[{"id":29445,"href":"https:\/\/catarinoseguros.pt\/index.php\/wp-json\/wp\/v2\/pages\/121\/revisions\/29445"}],"wp:attachment":[{"href":"https:\/\/catarinoseguros.pt\/index.php\/wp-json\/wp\/v2\/media?parent=121"}],"curies":[{"name":"wp","href":"https:\/\/api.w.org\/{rel}","templated":true}]}}